{"id":189,"date":"2023-05-16T02:51:46","date_gmt":"2023-05-16T02:51:46","guid":{"rendered":"https:\/\/dominionelect.wpengine.com\/?page_id=189"},"modified":"2025-08-29T15:48:33","modified_gmt":"2025-08-29T15:48:33","slug":"about","status":"publish","type":"page","link":"https:\/\/dominionelectric.com\/es\/about\/","title":{"rendered":"Acerca de"},"content":{"rendered":"<div data-elementor-type=\"wp-page\" data-elementor-id=\"189\" class=\"elementor elementor-189\" data-elementor-post-type=\"page\">\n\t\t\t\t\t\t<section class=\"elementor-section elementor-top-section elementor-element elementor-element-fc7f7e9 elementor-section-height-min-height elementor-section-boxed elementor-section-height-default elementor-section-items-middle\" data-id=\"fc7f7e9\" data-element_type=\"section\" data-e-type=\"section\" data-settings=\"{&quot;background_background&quot;:&quot;classic&quot;}\">\n\t\t\t\t\t\t\t<div class=\"elementor-background-overlay\"><\/div>\n\t\t\t\t\t\t\t<div class=\"elementor-container elementor-column-gap-no\">\n\t\t\t\t\t<div class=\"elementor-column elementor-col-100 elementor-top-column elementor-element elementor-element-c37be03\" data-id=\"c37be03\" data-element_type=\"column\" data-e-type=\"column\">\n\t\t\t<div class=\"elementor-widget-wrap elementor-element-populated\">\n\t\t\t\t\t\t<div class=\"elementor-element elementor-element-7246c49 elementor-widget elementor-widget-heading\" data-id=\"7246c49\" data-element_type=\"widget\" data-e-type=\"widget\" data-widget_type=\"heading.default\">\n\t\t\t\t<div class=\"elementor-widget-container\">\n\t\t\t\t\t<h1 class=\"elementor-heading-title elementor-size-default\">Our Vision &amp; Culture<\/h1>\t\t\t\t<\/div>\n\t\t\t\t<\/div>\n\t\t\t\t\t<\/div>\n\t\t<\/div>\n\t\t\t\t\t<\/div>\n\t\t<\/section>\n\t\t<div class=\"elementor-element elementor-element-1cf7c7c e-flex e-con-boxed e-con e-parent\" data-id=\"1cf7c7c\" data-element_type=\"container\" data-e-type=\"container\">\n\t\t\t\t\t<div class=\"e-con-inner\">\n\t\t\t\t<div class=\"elementor-element elementor-element-e7838b4 elementor-widget__width-inherit elementor-widget elementor-widget-heading\" data-id=\"e7838b4\" data-element_type=\"widget\" data-e-type=\"widget\" data-widget_type=\"heading.default\">\n\t\t\t\t<div class=\"elementor-widget-container\">\n\t\t\t\t\t<h2 class=\"elementor-heading-title elementor-size-default\">Qu\u00e9 hace que Dominion Electric Supply     \n<span class=\"green\">Diferentes<\/span><\/h2>\t\t\t\t<\/div>\n\t\t\t\t<\/div>\n\t\t\t\t<div class=\"elementor-element elementor-element-14e7c75 elementor-widget__width-inherit elementor-widget elementor-widget-text-editor\" data-id=\"14e7c75\" data-element_type=\"widget\" data-e-type=\"widget\" data-widget_type=\"text-editor.default\">\n\t\t\t\t<div class=\"elementor-widget-container\">\n\t\t\t\t\t\t\t\t\t<p><span data-olk-copy-source=\"MessageBody\">As a trusted electrical distributor with deep roots in the Mid-Atlantic market, we\u2019re established as experts who can deliver. Backed by the strength of a nationwide network, we combine regional knowledge with expansive resources to bring innovative, progressive solutions to every project. We have the scale to support major undertakings while remaining responsive to the unique needs of our customers.<\/span><\/p><p><strong>Con nuestra Visi\u00f3n guiando nuestras acciones diarias:  Dominion Electric Supply y Dominion Lighting se esforzar\u00e1n incansablemente por convertirse en la mejor empresa de distribuci\u00f3n de hoy y de ma\u00f1ana.<\/strong><\/p>\t\t\t\t\t\t\t\t<\/div>\n\t\t\t\t<\/div>\n\t\t<div class=\"elementor-element elementor-element-8d17b77 e-con-full e-flex e-con e-child\" data-id=\"8d17b77\" data-element_type=\"container\" data-e-type=\"container\" data-settings=\"{&quot;background_background&quot;:&quot;classic&quot;}\">\n\t\t\t\t<div class=\"elementor-element elementor-element-9807457 elementor-widget elementor-widget-heading\" data-id=\"9807457\" data-element_type=\"widget\" data-e-type=\"widget\" data-widget_type=\"heading.default\">\n\t\t\t\t<div class=\"elementor-widget-container\">\n\t\t\t\t\t<h3 class=\"elementor-heading-title elementor-size-default\">WE\u2019RE POWERED BY OUR PEOPLE<\/h3>\t\t\t\t<\/div>\n\t\t\t\t<\/div>\n\t\t\t\t<div class=\"elementor-element elementor-element-1bbd841 elementor-widget-divider--view-line elementor-widget elementor-widget-divider\" data-id=\"1bbd841\" data-element_type=\"widget\" data-e-type=\"widget\" data-widget_type=\"divider.default\">\n\t\t\t\t<div class=\"elementor-widget-container\">\n\t\t\t\t\t\t\t<div class=\"elementor-divider\">\n\t\t\t<span class=\"elementor-divider-separator\">\n\t\t\t\t\t\t<\/span>\n\t\t<\/div>\n\t\t\t\t\t\t<\/div>\n\t\t\t\t<\/div>\n\t\t\t\t<div class=\"elementor-element elementor-element-1517f72 elementor-widget elementor-widget-text-editor\" data-id=\"1517f72\" data-element_type=\"widget\" data-e-type=\"widget\" data-widget_type=\"text-editor.default\">\n\t\t\t\t<div class=\"elementor-widget-container\">\n\t\t\t\t\t\t\t\t\t<p><span data-olk-copy-source=\"MessageBody\">Our team brings unmatched passion, expertise, and approachability to every project and relationship. With decades of industry knowledge and a customer-first mindset, we continue to build strong partnerships that drive success.<\/span><\/p>\t\t\t\t\t\t\t\t<\/div>\n\t\t\t\t<\/div>\n\t\t\t\t<\/div>\n\t\t<div class=\"elementor-element elementor-element-0f763d9 e-con-full e-flex e-con e-child\" data-id=\"0f763d9\" data-element_type=\"container\" data-e-type=\"container\" data-settings=\"{&quot;background_background&quot;:&quot;classic&quot;}\">\n\t\t\t\t<div class=\"elementor-element elementor-element-74585f5 elementor-widget elementor-widget-heading\" data-id=\"74585f5\" data-element_type=\"widget\" data-e-type=\"widget\" data-widget_type=\"heading.default\">\n\t\t\t\t<div class=\"elementor-widget-container\">\n\t\t\t\t\t<h3 class=\"elementor-heading-title elementor-size-default\">SOMOS <br>\nESTABLECIDO<\/h3>\t\t\t\t<\/div>\n\t\t\t\t<\/div>\n\t\t\t\t<div class=\"elementor-element elementor-element-8781e3f elementor-widget-divider--view-line elementor-widget elementor-widget-divider\" data-id=\"8781e3f\" data-element_type=\"widget\" data-e-type=\"widget\" data-widget_type=\"divider.default\">\n\t\t\t\t<div class=\"elementor-widget-container\">\n\t\t\t\t\t\t\t<div class=\"elementor-divider\">\n\t\t\t<span class=\"elementor-divider-separator\">\n\t\t\t\t\t\t<\/span>\n\t\t<\/div>\n\t\t\t\t\t\t<\/div>\n\t\t\t\t<\/div>\n\t\t\t\t<div class=\"elementor-element elementor-element-061a09e elementor-widget elementor-widget-text-editor\" data-id=\"061a09e\" data-element_type=\"widget\" data-e-type=\"widget\" data-widget_type=\"text-editor.default\">\n\t\t\t\t<div class=\"elementor-widget-container\">\n\t\t\t\t\t\t\t\t\t<p><span data-olk-copy-source=\"MessageBody\">With a long history serving the Mid-Atlantic market, we are deeply rooted in the region and backed by the resources of a nationwide distributor. Our expansive facilities, logistics strength, and proven industry experience ensure every project is positioned for success.<\/span><\/p>\t\t\t\t\t\t\t\t<\/div>\n\t\t\t\t<\/div>\n\t\t\t\t<\/div>\n\t\t<div class=\"elementor-element elementor-element-75739f9 e-con-full e-flex e-con e-child\" data-id=\"75739f9\" data-element_type=\"container\" data-e-type=\"container\" data-settings=\"{&quot;background_background&quot;:&quot;classic&quot;}\">\n\t\t\t\t<div class=\"elementor-element elementor-element-5a85d92 elementor-widget elementor-widget-heading\" data-id=\"5a85d92\" data-element_type=\"widget\" data-e-type=\"widget\" data-widget_type=\"heading.default\">\n\t\t\t\t<div class=\"elementor-widget-container\">\n\t\t\t\t\t<h3 class=\"elementor-heading-title elementor-size-default\">SOMOS <br>\nAGIL<\/h3>\t\t\t\t<\/div>\n\t\t\t\t<\/div>\n\t\t\t\t<div class=\"elementor-element elementor-element-2200561 elementor-widget-divider--view-line elementor-widget elementor-widget-divider\" data-id=\"2200561\" data-element_type=\"widget\" data-e-type=\"widget\" data-widget_type=\"divider.default\">\n\t\t\t\t<div class=\"elementor-widget-container\">\n\t\t\t\t\t\t\t<div class=\"elementor-divider\">\n\t\t\t<span class=\"elementor-divider-separator\">\n\t\t\t\t\t\t<\/span>\n\t\t<\/div>\n\t\t\t\t\t\t<\/div>\n\t\t\t\t<\/div>\n\t\t\t\t<div class=\"elementor-element elementor-element-fdd22d0 elementor-widget elementor-widget-text-editor\" data-id=\"fdd22d0\" data-element_type=\"widget\" data-e-type=\"widget\" data-widget_type=\"text-editor.default\">\n\t\t\t\t<div class=\"elementor-widget-container\">\n\t\t\t\t\t\t\t\t\t<p><span data-olk-copy-source=\"MessageBody\">We have the scale to handle major projects while staying flexible and innovative to meet evolving needs. By combining national capabilities with local decision-making, we deliver responsive solutions that help customers stay ahead in a rapidly changing market.<\/span><\/p>\t\t\t\t\t\t\t\t<\/div>\n\t\t\t\t<\/div>\n\t\t\t\t<\/div>\n\t\t\t\t\t<\/div>\n\t\t\t\t<\/div>\n\t\t<div class=\"elementor-element elementor-element-ff3db7b e-flex e-con-boxed e-con e-parent\" data-id=\"ff3db7b\" data-element_type=\"container\" data-e-type=\"container\" data-settings=\"{&quot;background_background&quot;:&quot;classic&quot;}\">\n\t\t\t\t\t<div class=\"e-con-inner\">\n\t\t<div class=\"elementor-element elementor-element-92d413b e-con-full e-flex e-con e-child\" data-id=\"92d413b\" data-element_type=\"container\" data-e-type=\"container\">\n\t\t\t\t<div class=\"elementor-element elementor-element-59b06e6 elementor-invisible elementor-widget elementor-widget-heading\" data-id=\"59b06e6\" data-element_type=\"widget\" data-e-type=\"widget\" data-settings=\"{&quot;_animation&quot;:&quot;slideInUp&quot;}\" data-widget_type=\"heading.default\">\n\t\t\t\t<div class=\"elementor-widget-container\">\n\t\t\t\t\t<h4 class=\"elementor-heading-title elementor-size-default\">Nuestra <span class=\"green\">VISI\u00d3N<\/span> <\/h4>\t\t\t\t<\/div>\n\t\t\t\t<\/div>\n\t\t\t\t<div class=\"elementor-element elementor-element-546cf93 elementor-invisible elementor-widget elementor-widget-text-editor\" data-id=\"546cf93\" data-element_type=\"widget\" data-e-type=\"widget\" data-settings=\"{&quot;_animation&quot;:&quot;slideInUp&quot;}\" data-widget_type=\"text-editor.default\">\n\t\t\t\t<div class=\"elementor-widget-container\">\n\t\t\t\t\t\t\t\t\t<p><strong>Dominion Electric Supply y Dominion Lighting se esforzar\u00e1n incansablemente por convertirse en la mejor empresa de distribuci\u00f3n de hoy y de ma\u00f1ana.<\/strong><\/p><p>Buscaremos con pasi\u00f3n nuevas y mejores formas de mejorar la experiencia de nuestros clientes, ampliar nuestra penetraci\u00f3n en el mercado y lograr un crecimiento financiero. Para lograrlo, invertiremos en nuestros empleados, ofreci\u00e9ndoles un lugar donde se respeten, animen y se preocupen los unos por los otros. Adoptaremos nuestra cultura de excelencia, en la que la curiosidad, el aprendizaje y el desaf\u00edo al status quo son habituales. Dominion ser\u00e1 un lugar donde las personas desarrollar\u00e1n todo su potencial.<\/p>\t\t\t\t\t\t\t\t<\/div>\n\t\t\t\t<\/div>\n\t\t\t\t<\/div>\n\t\t<div class=\"elementor-element elementor-element-0f62b80 e-con-full e-flex e-con e-child\" data-id=\"0f62b80\" data-element_type=\"container\" data-e-type=\"container\">\n\t\t\t\t<div class=\"elementor-element elementor-element-0181dcb elementor-widget elementor-widget-heading\" data-id=\"0181dcb\" data-element_type=\"widget\" data-e-type=\"widget\" data-widget_type=\"heading.default\">\n\t\t\t\t<div class=\"elementor-widget-container\">\n\t\t\t\t\t<h4 class=\"elementor-heading-title elementor-size-default\">Nuestro n\u00facleo <span class=\"green\">Valores<\/span> <\/h4>\t\t\t\t<\/div>\n\t\t\t\t<\/div>\n\t\t\t\t<div class=\"elementor-element elementor-element-3c0db1a e-n-tabs-mobile elementor-widget elementor-widget-n-tabs\" data-id=\"3c0db1a\" data-element_type=\"widget\" data-e-type=\"widget\" data-settings=\"{&quot;tabs_justify_horizontal&quot;:&quot;stretch&quot;,&quot;horizontal_scroll&quot;:&quot;disable&quot;}\" data-widget_type=\"nested-tabs.default\">\n\t\t\t\t<div class=\"elementor-widget-container\">\n\t\t\t\t\t\t\t<div class=\"e-n-tabs\" data-widget-number=\"62970650\" aria-label=\"Tabs. Open items with Enter or Space, close with Escape and navigate using the Arrow keys.\">\n\t\t\t<div class=\"e-n-tabs-heading\" role=\"tablist\">\n\t\t\t\t\t<button id=\"e-n-tab-title-629706501\" data-tab-title-id=\"e-n-tab-title-629706501\" class=\"e-n-tab-title\" aria-selected=\"true\" data-tab-index=\"1\" role=\"tab\" tabindex=\"0\" aria-controls=\"e-n-tab-content-629706501\" style=\"--n-tabs-title-order: 1;\">\n\t\t\t\t\t\t<span class=\"e-n-tab-title-text\">\n\t\t\t\tIntegridad\t\t\t<\/span>\n\t\t<\/button>\n\t\t\t\t<button id=\"e-n-tab-title-629706502\" data-tab-title-id=\"e-n-tab-title-629706502\" class=\"e-n-tab-title\" aria-selected=\"false\" data-tab-index=\"2\" role=\"tab\" tabindex=\"-1\" aria-controls=\"e-n-tab-content-629706502\" style=\"--n-tabs-title-order: 2;\">\n\t\t\t\t\t\t<span class=\"e-n-tab-title-text\">\n\t\t\t\tOwnership\t\t\t<\/span>\n\t\t<\/button>\n\t\t\t\t<button id=\"e-n-tab-title-629706503\" data-tab-title-id=\"e-n-tab-title-629706503\" class=\"e-n-tab-title\" aria-selected=\"false\" data-tab-index=\"3\" role=\"tab\" tabindex=\"-1\" aria-controls=\"e-n-tab-content-629706503\" style=\"--n-tabs-title-order: 3;\">\n\t\t\t\t\t\t<span class=\"e-n-tab-title-text\">\n\t\t\t\tRespetar\t\t\t<\/span>\n\t\t<\/button>\n\t\t\t\t<button id=\"e-n-tab-title-629706504\" data-tab-title-id=\"e-n-tab-title-629706504\" class=\"e-n-tab-title\" aria-selected=\"false\" data-tab-index=\"4\" role=\"tab\" tabindex=\"-1\" aria-controls=\"e-n-tab-content-629706504\" style=\"--n-tabs-title-order: 4;\">\n\t\t\t\t\t\t<span class=\"e-n-tab-title-text\">\n\t\t\t\tPasi\u00f3n\t\t\t<\/span>\n\t\t<\/button>\n\t\t\t\t<button id=\"e-n-tab-title-629706505\" data-tab-title-id=\"e-n-tab-title-629706505\" class=\"e-n-tab-title\" aria-selected=\"false\" data-tab-index=\"5\" role=\"tab\" tabindex=\"-1\" aria-controls=\"e-n-tab-content-629706505\" style=\"--n-tabs-title-order: 5;\">\n\t\t\t\t\t\t<span class=\"e-n-tab-title-text\">\n\t\t\t\tServicio\t\t\t<\/span>\n\t\t<\/button>\n\t\t\t\t\t<\/div>\n\t\t\t<div class=\"e-n-tabs-content\">\n\t\t\t\t<div id=\"e-n-tab-content-629706501\" role=\"tabpanel\" aria-labelledby=\"e-n-tab-title-629706501\" data-tab-index=\"1\" style=\"--n-tabs-title-order: 1;\" class=\"e-active elementor-element elementor-element-07f3542 e-con-full e-flex e-con e-child\" data-id=\"07f3542\" data-element_type=\"container\" data-e-type=\"container\">\n\t\t\t\t<div class=\"elementor-element elementor-element-485236d elementor-widget elementor-widget-text-editor\" data-id=\"485236d\" data-element_type=\"widget\" data-e-type=\"widget\" data-widget_type=\"text-editor.default\">\n\t\t\t\t<div class=\"elementor-widget-container\">\n\t\t\t\t\t\t\t\t\t<p>La \u00e9tica importa, sobre todo cuando nadie mira. Hacemos lo que decimos y decimos lo que hacemos.<\/p><p>Nos comunicamos con franqueza y a tiempo. Somos aut\u00e9nticos, y entendemos que esto no solo genera confianza y relaciones significativas, sino que es un regalo para nosotros mismos y para los dem\u00e1s ser aceptados por lo que realmente somos.<\/p><p>Responsabilizamos a nuestros compa\u00f1eros y a nosotros mismos de nuestro rendimiento, comportamiento y defensa de nuestros valores fundamentales.<\/p><p>Nos respetamos profundamente a nosotros mismos, a los dem\u00e1s y a nuestros clientes.<\/p>\t\t\t\t\t\t\t\t<\/div>\n\t\t\t\t<\/div>\n\t\t\t\t<\/div>\n\t\t<div id=\"e-n-tab-content-629706502\" role=\"tabpanel\" aria-labelledby=\"e-n-tab-title-629706502\" data-tab-index=\"2\" style=\"--n-tabs-title-order: 2;\" class=\"elementor-element elementor-element-50a776d e-con-full e-flex e-con e-child\" data-id=\"50a776d\" data-element_type=\"container\" data-e-type=\"container\">\n\t\t\t\t<div class=\"elementor-element elementor-element-b08b9ca elementor-widget elementor-widget-text-editor\" data-id=\"b08b9ca\" data-element_type=\"widget\" data-e-type=\"widget\" data-widget_type=\"text-editor.default\">\n\t\t\t\t<div class=\"elementor-widget-container\">\n\t\t\t\t\t\t\t\t\t<p class=\"x_xmsonormal\" data-olk-copy-source=\"MessageBody\">We are an employee-owned company. We take care of and honor each other, creating opportunities that enable us to support and grow together.<\/p><p class=\"x_xmsonormal\">We act with the collective good in mind. We actively seek what is best for our people, our company, and our customers, knowing that when our customers\u2019 businesses grow, we all share in that success.<\/p>\t\t\t\t\t\t\t\t<\/div>\n\t\t\t\t<\/div>\n\t\t\t\t<\/div>\n\t\t<div id=\"e-n-tab-content-629706503\" role=\"tabpanel\" aria-labelledby=\"e-n-tab-title-629706503\" data-tab-index=\"3\" style=\"--n-tabs-title-order: 3;\" class=\"elementor-element elementor-element-dfcf2f1 e-con-full e-flex e-con e-child\" data-id=\"dfcf2f1\" data-element_type=\"container\" data-e-type=\"container\">\n\t\t\t\t<div class=\"elementor-element elementor-element-37dfa9d elementor-widget elementor-widget-text-editor\" data-id=\"37dfa9d\" data-element_type=\"widget\" data-e-type=\"widget\" data-widget_type=\"text-editor.default\">\n\t\t\t\t<div class=\"elementor-widget-container\">\n\t\t\t\t\t\t\t\t\t<p>Somos inclusivos, entendemos que todos somos \u00fanicos y bienvenidos. Prosperamos gracias a nuestra diversidad de culturas, ideas y or\u00edgenes.<\/p><p>Somos un equipo que escucha a los dem\u00e1s, no s\u00f3lo para responder, sino para comprender de verdad. Al hacerlo, somos emp\u00e1ticos y sensibles a las situaciones, sentimientos y motivos de los dem\u00e1s. Este sentido del respeto, la empat\u00eda y la comprensi\u00f3n inspira siempre nuestras decisiones empresariales y personales.<\/p>\t\t\t\t\t\t\t\t<\/div>\n\t\t\t\t<\/div>\n\t\t\t\t<\/div>\n\t\t<div id=\"e-n-tab-content-629706504\" role=\"tabpanel\" aria-labelledby=\"e-n-tab-title-629706504\" data-tab-index=\"4\" style=\"--n-tabs-title-order: 4;\" class=\"elementor-element elementor-element-16691c2 e-flex e-con-boxed e-con e-child\" data-id=\"16691c2\" data-element_type=\"container\" data-e-type=\"container\">\n\t\t\t\t\t<div class=\"e-con-inner\">\n\t\t\t\t<div class=\"elementor-element elementor-element-030d947 elementor-widget elementor-widget-text-editor\" data-id=\"030d947\" data-element_type=\"widget\" data-e-type=\"widget\" data-widget_type=\"text-editor.default\">\n\t\t\t\t<div class=\"elementor-widget-container\">\n\t\t\t\t\t\t\t\t\t<p>Nos preocupamos profundamente por nuestro impacto, la importancia de nuestro trabajo y las relaciones que cultivamos. Nuestra pasi\u00f3n alimenta un profundo sentido de la curiosidad, que consideramos un motor para el logro y la excelencia. Nunca dejamos de aprender, explorar nuevas ideas e innovar.<\/p><p>Y lo que es m\u00e1s importante, siempre nos desafiamos a nosotros mismos para encontrar una forma mejor.<\/p>\t\t\t\t\t\t\t\t<\/div>\n\t\t\t\t<\/div>\n\t\t\t\t\t<\/div>\n\t\t\t\t<\/div>\n\t\t<div id=\"e-n-tab-content-629706505\" role=\"tabpanel\" aria-labelledby=\"e-n-tab-title-629706505\" data-tab-index=\"5\" style=\"--n-tabs-title-order: 5;\" class=\"elementor-element elementor-element-299ae8a e-flex e-con-boxed e-con e-child\" data-id=\"299ae8a\" data-element_type=\"container\" data-e-type=\"container\">\n\t\t\t\t\t<div class=\"e-con-inner\">\n\t\t\t\t<div class=\"elementor-element elementor-element-4f89979 elementor-widget elementor-widget-text-editor\" data-id=\"4f89979\" data-element_type=\"widget\" data-e-type=\"widget\" data-widget_type=\"text-editor.default\">\n\t\t\t\t<div class=\"elementor-widget-container\">\n\t\t\t\t\t\t\t\t\t<p>Dirigimos y servimos a nuestros clientes y entre nosotros con sinceridad y dedicaci\u00f3n. Somos conscientes de que formamos parte de un conjunto m\u00e1s amplio: cuando servimos a nuestros clientes, tambi\u00e9n servimos a sus empresas, familias y comunidades.<\/p>\t\t\t\t\t\t\t\t<\/div>\n\t\t\t\t<\/div>\n\t\t\t\t\t<\/div>\n\t\t\t\t<\/div>\n\t\t\t\t\t<\/div>\n\t\t<\/div>\n\t\t\t\t\t\t<\/div>\n\t\t\t\t<\/div>\n\t\t\t\t<\/div>\n\t\t\t\t\t<\/div>\n\t\t\t\t<\/div>\n\t\t\t\t<\/div>","protected":false},"excerpt":{"rendered":"<p>Our Vision &amp; Culture What Makes Dominion Electric Supply Different As a trusted electrical distributor with deep roots in the Mid-Atlantic market, we\u2019re established as experts who can deliver. Backed by the strength of a nationwide network, we combine regional knowledge with expansive resources to bring innovative, progressive solutions to every project. We have the [&hellip;]<\/p>\n","protected":false},"author":1,"featured_media":0,"parent":0,"menu_order":0,"comment_status":"closed","ping_status":"closed","template":"","meta":{"footnotes":""},"class_list":["post-189","page","type-page","status-publish","hentry"],"_links":{"self":[{"href":"https:\/\/dominionelectric.com\/es\/wp-json\/wp\/v2\/pages\/189","targetHints":{"allow":["GET"]}}],"collection":[{"href":"https:\/\/dominionelectric.com\/es\/wp-json\/wp\/v2\/pages"}],"about":[{"href":"https:\/\/dominionelectric.com\/es\/wp-json\/wp\/v2\/types\/page"}],"author":[{"embeddable":true,"href":"https:\/\/dominionelectric.com\/es\/wp-json\/wp\/v2\/users\/1"}],"replies":[{"embeddable":true,"href":"https:\/\/dominionelectric.com\/es\/wp-json\/wp\/v2\/comments?post=189"}],"version-history":[{"count":0,"href":"https:\/\/dominionelectric.com\/es\/wp-json\/wp\/v2\/pages\/189\/revisions"}],"wp:attachment":[{"href":"https:\/\/dominionelectric.com\/es\/wp-json\/wp\/v2\/media?parent=189"}],"curies":[{"name":"wp","href":"https:\/\/api.w.org\/{rel}","templated":true}]}}