{"id":3051,"date":"2023-10-05T16:27:31","date_gmt":"2023-10-05T16:27:31","guid":{"rendered":"https:\/\/dominionelectric.com\/?page_id=3051"},"modified":"2025-05-21T10:15:35","modified_gmt":"2025-05-21T10:15:35","slug":"privacy","status":"publish","type":"page","link":"https:\/\/dominionelectric.com\/es\/privacy\/","title":{"rendered":"Privacidad"},"content":{"rendered":"<style>.elementor-3051 .elementor-element.elementor-element-db2fc65 > .elementor-container{min-height:400px;}.elementor-3051 .elementor-element.elementor-element-db2fc65 > .elementor-background-overlay{background-color:transparent;background-image:linear-gradient(165deg, var( --e-global-color-primary ) 64%, #F2295B00 0%);opacity:0.5;transition:background 0.3s, border-radius 0.3s, opacity 0.3s;}.elementor-3051 .elementor-element.elementor-element-db2fc65{transition:background 0.3s, border 0.3s, border-radius 0.3s, box-shadow 0.3s;}.elementor-3051 .elementor-element.elementor-element-e1a57b3{text-align:start;}.elementor-3051 .elementor-element.elementor-element-e1a57b3 .elementor-heading-title{font-family:var( --e-global-typography-primary-font-family ), Sans-serif;font-size:var( --e-global-typography-primary-font-size );font-weight:var( --e-global-typography-primary-font-weight );line-height:var( --e-global-typography-primary-line-height );color:#FFFFFF;}.elementor-3051 .elementor-element.elementor-element-399b566 > .elementor-container{min-height:60vh;}.elementor-3051 .elementor-element.elementor-element-399b566:not(.elementor-motion-effects-element-type-background), .elementor-3051 .elementor-element.elementor-element-399b566 > .elementor-motion-effects-container > .elementor-motion-effects-layer{background-image:url(\"https:\/\/dominionelectric.com\/wp-content\/uploads\/2023\/06\/Both-Arlington-Buildings-copy-1024x681-1.jpg\");background-position:center center;background-repeat:no-repeat;background-size:cover;}.elementor-3051 .elementor-element.elementor-element-399b566 > .elementor-background-overlay{background-color:transparent;background-image:linear-gradient(130deg, #181C28 61%, #0D130100 34%);opacity:0.89;transition:background 0.3s, border-radius 0.3s, opacity 0.3s;}.elementor-3051 .elementor-element.elementor-element-399b566{transition:background 0.3s, border 0.3s, border-radius 0.3s, box-shadow 0.3s;padding:0em 0em 0em 5em;z-index:0;}.elementor-3051 .elementor-element.elementor-element-a0492ad{text-align:start;}.elementor-3051 .elementor-element.elementor-element-a0492ad .elementor-heading-title{font-family:var( --e-global-typography-primary-font-family ), Sans-serif;font-size:var( --e-global-typography-primary-font-size );font-weight:var( --e-global-typography-primary-font-weight );line-height:var( --e-global-typography-primary-line-height );color:#FFFFFF;}.elementor-3051 .elementor-element.elementor-element-a0492ad > .elementor-widget-container{padding:3em 0em 0em 0em;}.elementor-3051 .elementor-element.elementor-element-37bdf38{padding:3em 0em 6em 0em;}:root{--page-title-display:none;}@media(max-width:1024px){.elementor-3051 .elementor-element.elementor-element-e1a57b3 .elementor-heading-title{font-size:var( --e-global-typography-primary-font-size );line-height:var( --e-global-typography-primary-line-height );}.elementor-3051 .elementor-element.elementor-element-399b566:not(.elementor-motion-effects-element-type-background), .elementor-3051 .elementor-element.elementor-element-399b566 > .elementor-motion-effects-container > .elementor-motion-effects-layer{background-position:center center;}.elementor-3051 .elementor-element.elementor-element-399b566{margin-top:0px;margin-bottom:0px;padding:210px 0px 140px 0px;}.elementor-3051 .elementor-element.elementor-element-a0492ad .elementor-heading-title{font-size:var( --e-global-typography-primary-font-size );line-height:var( --e-global-typography-primary-line-height );}}@media(max-width:767px){.elementor-3051 .elementor-element.elementor-element-db2fc65 > .elementor-container{min-height:50vh;}.elementor-3051 .elementor-element.elementor-element-db2fc65:not(.elementor-motion-effects-element-type-background), .elementor-3051 .elementor-element.elementor-element-db2fc65 > .elementor-motion-effects-container > .elementor-motion-effects-layer{background-image:url(\"https:\/\/dominionelectric.com\/wp-content\/uploads\/2023\/06\/Both-Arlington-Buildings-copy-1024x681-1.jpg\");background-position:-8px 106px;background-repeat:no-repeat;background-size:cover;}.elementor-3051 .elementor-element.elementor-element-db2fc65 > .elementor-background-overlay{opacity:1;}.elementor-3051 .elementor-element.elementor-element-e1a57b3 .elementor-heading-title{font-size:var( --e-global-typography-primary-font-size );line-height:var( --e-global-typography-primary-line-height );}.elementor-3051 .elementor-element.elementor-element-399b566{margin-top:0px;margin-bottom:0px;padding:152px 10px 80px 10px;}.elementor-3051 .elementor-element.elementor-element-a0492ad .elementor-heading-title{font-size:var( --e-global-typography-primary-font-size );line-height:var( --e-global-typography-primary-line-height );}}<\/style>\t\t<div data-elementor-type=\"wp-page\" data-elementor-id=\"3051\" class=\"elementor elementor-3051\" data-elementor-post-type=\"page\">\n\t\t\t\t\t\t<section class=\"elementor-section elementor-top-section elementor-element elementor-element-db2fc65 elementor-section-height-min-height elementor-hidden-desktop elementor-section-boxed elementor-section-height-default elementor-section-items-middle\" data-id=\"db2fc65\" data-element_type=\"section\" data-e-type=\"section\" data-settings=\"{&quot;background_background&quot;:&quot;classic&quot;}\">\n\t\t\t\t\t\t\t<div class=\"elementor-background-overlay\"><\/div>\n\t\t\t\t\t\t\t<div class=\"elementor-container elementor-column-gap-default\">\n\t\t\t\t\t<div class=\"elementor-column elementor-col-100 elementor-top-column elementor-element elementor-element-a0080e9\" data-id=\"a0080e9\" data-element_type=\"column\" data-e-type=\"column\">\n\t\t\t<div class=\"elementor-widget-wrap elementor-element-populated\">\n\t\t\t\t\t\t<div class=\"elementor-element elementor-element-e1a57b3 elementor-widget elementor-widget-heading\" data-id=\"e1a57b3\" data-element_type=\"widget\" data-e-type=\"widget\" data-widget_type=\"heading.default\">\n\t\t\t\t<div class=\"elementor-widget-container\">\n\t\t\t\t\t<h2 class=\"elementor-heading-title elementor-size-default\">Pol\u00edtica de privacidad<\/h2>\t\t\t\t<\/div>\n\t\t\t\t<\/div>\n\t\t\t\t\t<\/div>\n\t\t<\/div>\n\t\t\t\t\t<\/div>\n\t\t<\/section>\n\t\t\t\t<section class=\"elementor-section elementor-top-section elementor-element elementor-element-399b566 elementor-section-full_width elementor-section-height-min-height elementor-hidden-tablet elementor-hidden-mobile elementor-section-height-default elementor-section-items-middle\" data-id=\"399b566\" data-element_type=\"section\" data-e-type=\"section\" data-settings=\"{&quot;background_background&quot;:&quot;classic&quot;}\">\n\t\t\t\t\t\t\t<div class=\"elementor-background-overlay\"><\/div>\n\t\t\t\t\t\t\t<div class=\"elementor-container elementor-column-gap-default\">\n\t\t\t\t\t<div class=\"elementor-column elementor-col-100 elementor-top-column elementor-element elementor-element-f5a850c\" data-id=\"f5a850c\" data-element_type=\"column\" data-e-type=\"column\">\n\t\t\t<div class=\"elementor-widget-wrap elementor-element-populated\">\n\t\t\t\t\t\t<div class=\"elementor-element elementor-element-a0492ad elementor-widget elementor-widget-heading\" data-id=\"a0492ad\" data-element_type=\"widget\" data-e-type=\"widget\" data-widget_type=\"heading.default\">\n\t\t\t\t<div class=\"elementor-widget-container\">\n\t\t\t\t\t<h1 class=\"elementor-heading-title elementor-size-default\">Pol\u00edtica de privacidad<\/h1>\t\t\t\t<\/div>\n\t\t\t\t<\/div>\n\t\t\t\t\t<\/div>\n\t\t<\/div>\n\t\t\t\t\t<\/div>\n\t\t<\/section>\n\t\t\t\t<section class=\"elementor-section elementor-top-section elementor-element elementor-element-37bdf38 elementor-section-boxed elementor-section-height-default elementor-section-height-default\" data-id=\"37bdf38\" data-element_type=\"section\" data-e-type=\"section\">\n\t\t\t\t\t\t<div class=\"elementor-container elementor-column-gap-default\">\n\t\t\t\t\t<div class=\"elementor-column elementor-col-100 elementor-top-column elementor-element elementor-element-f6cb267\" data-id=\"f6cb267\" data-element_type=\"column\" data-e-type=\"column\">\n\t\t\t<div class=\"elementor-widget-wrap elementor-element-populated\">\n\t\t\t\t\t\t<div class=\"elementor-element elementor-element-8113fda elementor-widget elementor-widget-heading\" data-id=\"8113fda\" data-element_type=\"widget\" data-e-type=\"widget\" data-widget_type=\"heading.default\">\n\t\t\t\t<div class=\"elementor-widget-container\">\n\t\t\t\t\t<h2 class=\"elementor-heading-title elementor-size-default\">Pol\u00edtica de privacidad de Dominion Electric <\/h2>\t\t\t\t<\/div>\n\t\t\t\t<\/div>\n\t\t\t\t<div class=\"elementor-element elementor-element-9c9b6f0 elementor-widget elementor-widget-text-editor\" data-id=\"9c9b6f0\" data-element_type=\"widget\" data-e-type=\"widget\" data-widget_type=\"text-editor.default\">\n\t\t\t\t<div class=\"elementor-widget-container\">\n\t\t\t\t\t\t\t\t\t<p>Dominion Electric Supply Company of Washington, LLC se compromete a proteger su privacidad. Es nuestra pol\u00edtica no recopilar ninguna informaci\u00f3n personal como su nombre, direcci\u00f3n (direcci\u00f3n postal o correo electr\u00f3nico) y n\u00famero de tel\u00e9fono a menos que se env\u00ede voluntariamente. Cualquier informaci\u00f3n de este tipo se mantiene privada y confidencial. No obstante, hacemos un seguimiento del n\u00famero total de visitantes de nuestro sitio web por motivos puramente estad\u00edsticos. Estas estad\u00edsticas no contienen informaci\u00f3n personal y s\u00f3lo se utilizan para ayudarnos a actualizar y mejorar continuamente nuestro sitio. En este proceso no se extrae informaci\u00f3n personal identificable.<\/p><p>Dominion Electric Supply Company of Washington, LLC no vender\u00e1, difundir\u00e1, revelar\u00e1, comerciar\u00e1, transmitir\u00e1, transferir\u00e1, compartir\u00e1, arrendar\u00e1 ni alquilar\u00e1 ninguna informaci\u00f3n de identificaci\u00f3n personal a ning\u00fan tercero que no est\u00e9 espec\u00edficamente autorizado por usted para recibir su informaci\u00f3n, excepto en los casos que le hemos informado en esta Pol\u00edtica de privacidad.<\/p><p>Puede acceder a www.descowashington.com sin revelar ninguna informaci\u00f3n personal. Al utilizar este sitio, usted acepta los t\u00e9rminos de esta pol\u00edtica de privacidad.<\/p><p>Sin perjuicio de lo anterior, Dominion Electric Supply Company of Washington, LLC podr\u00e1 revelar sin previo aviso dicha informaci\u00f3n si as\u00ed lo solicita cualquier agencia gubernamental o policial, en respuesta a una orden de registro, citaci\u00f3n, orden judicial u otro proceso legal o para proteger los derechos legales de Dominion Electric Supply Company of Washington, LLC. En el caso de que cualquier agencia gubernamental o de aplicaci\u00f3n de la ley alegue que usted est\u00e1 involucrado en actividades ilegales a trav\u00e9s del uso de esta p\u00e1gina web, Dominion Electric Supply Company of Washington, LLC se reserva el derecho, a su entera discreci\u00f3n, de tomar cualquier acci\u00f3n que considere necesaria o apropiada dadas las circunstancias, incluyendo sin limitaci\u00f3n la divulgaci\u00f3n de cualquiera de las informaciones anteriores.<\/p><p>Cuando nos env\u00ede un correo electr\u00f3nico desde este sitio web, nos proporcionar\u00e1 cierta informaci\u00f3n de identificaci\u00f3n personal, incluida su direcci\u00f3n de correo electr\u00f3nico. Si en cualquier momento desea dejar de recibir correspondencia por correo electr\u00f3nico, p\u00f3ngase en contacto con nosotros a trav\u00e9s de la direcci\u00f3n que aparece en nuestro sitio web en el enlace \"Contacto\".<\/p>\t\t\t\t\t\t\t\t<\/div>\n\t\t\t\t<\/div>\n\t\t\t\t<div class=\"elementor-element elementor-element-f5c13af elementor-widget elementor-widget-heading\" data-id=\"f5c13af\" data-element_type=\"widget\" data-e-type=\"widget\" data-widget_type=\"heading.default\">\n\t\t\t\t<div class=\"elementor-widget-container\">\n\t\t\t\t\t<h2 class=\"elementor-heading-title elementor-size-default\">Cookies<\/h2>\t\t\t\t<\/div>\n\t\t\t\t<\/div>\n\t\t\t\t<div class=\"elementor-element elementor-element-2ee17fc elementor-widget elementor-widget-text-editor\" data-id=\"2ee17fc\" data-element_type=\"widget\" data-e-type=\"widget\" data-widget_type=\"text-editor.default\">\n\t\t\t\t<div class=\"elementor-widget-container\">\n\t\t\t\t\t\t\t\t\t<p>Tambi\u00e9n podemos colocar \"cookies\" en su ordenador personal cuando navegue por el Sitio, o de otro modo. Las \"cookies\" son peque\u00f1os identificadores enviados desde un servidor web y almacenados en el disco duro de su ordenador, similares a una matr\u00edcula, que nos ayudan a reconocerle si vuelve a visitar el Sitio. Adem\u00e1s, el Sitio utiliza cookies para rastrear c\u00f3mo encontr\u00f3 el Sitio. Las cookies no est\u00e1n dise\u00f1adas para obtener datos de su disco duro, su correo electr\u00f3nico o cualquier otro dato personal sobre usted. Para proteger su privacidad, no utilizamos cookies para almacenar o transmitir informaci\u00f3n personal sobre usted en Internet. Normalmente puede rechazar las cookies cambiando la configuraci\u00f3n de su navegador. No obstante, tenga en cuenta que si rechaza nuestras cookies, es posible que algunas p\u00e1ginas del Sitio no se carguen correctamente, que se le deniegue el acceso a determinada informaci\u00f3n o que tenga que introducir sus datos m\u00e1s de una vez.<\/p>\t\t\t\t\t\t\t\t<\/div>\n\t\t\t\t<\/div>\n\t\t\t\t<div class=\"elementor-element elementor-element-7a572c2 elementor-widget elementor-widget-heading\" data-id=\"7a572c2\" data-element_type=\"widget\" data-e-type=\"widget\" data-widget_type=\"heading.default\">\n\t\t\t\t<div class=\"elementor-widget-container\">\n\t\t\t\t\t<h2 class=\"elementor-heading-title elementor-size-default\">Referencias comerciales e informes de cr\u00e9dito<\/h2>\t\t\t\t<\/div>\n\t\t\t\t<\/div>\n\t\t\t\t<div class=\"elementor-element elementor-element-7713240 elementor-widget elementor-widget-text-editor\" data-id=\"7713240\" data-element_type=\"widget\" data-e-type=\"widget\" data-widget_type=\"text-editor.default\">\n\t\t\t\t<div class=\"elementor-widget-container\">\n\t\t\t\t\t\t\t\t\t<p>Si completa una Solicitud de Cr\u00e9dito y\/o Garant\u00eda, usted afirma en nombre del Solicitante declarado que autoriza a Dominion Electric Supply Company of Washington, LLC a verificar cualquier informaci\u00f3n presentada con terceros, incluyendo pero no limit\u00e1ndose a referencias comerciales y agencias de cr\u00e9dito, y tambi\u00e9n autoriza a Dominion Electric Supply Company of Washington, LLC a obtener uno o m\u00e1s informes de cr\u00e9dito que considere necesarios o apropiados para evaluar su Solicitud. Si su Solicitud es aprobada y se le otorga cr\u00e9dito, tambi\u00e9n autoriza a Dominion Electric Supply Company of Washington, LLC a obtener informes crediticios adicionales y otra informaci\u00f3n sobre el Solicitante en relaci\u00f3n con la revisi\u00f3n de la cuenta, el cobro de la cuenta o para cualquier otro fin leg\u00edtimo.<\/p>\t\t\t\t\t\t\t\t<\/div>\n\t\t\t\t<\/div>\n\t\t\t\t<div class=\"elementor-element elementor-element-98cf445 elementor-widget elementor-widget-heading\" data-id=\"98cf445\" data-element_type=\"widget\" data-e-type=\"widget\" data-widget_type=\"heading.default\">\n\t\t\t\t<div class=\"elementor-widget-container\">\n\t\t\t\t\t<h2 class=\"elementor-heading-title elementor-size-default\">Menores<\/h2>\t\t\t\t<\/div>\n\t\t\t\t<\/div>\n\t\t\t\t<div class=\"elementor-element elementor-element-2af2f36 elementor-widget elementor-widget-text-editor\" data-id=\"2af2f36\" data-element_type=\"widget\" data-e-type=\"widget\" data-widget_type=\"text-editor.default\">\n\t\t\t\t<div class=\"elementor-widget-container\">\n\t\t\t\t\t\t\t\t\t<p>No recopilamos conscientemente informaci\u00f3n de personas menores de dieciocho (18) a\u00f1os. Los menores de dieciocho (18) a\u00f1os no deben enviar ni publicar informaci\u00f3n en el Sitio. Animamos a los padres y tutores a pasar tiempo en l\u00ednea con sus hijos y a participar y supervisar las actividades interactivas de sus hijos.<\/p>\t\t\t\t\t\t\t\t<\/div>\n\t\t\t\t<\/div>\n\t\t\t\t<div class=\"elementor-element elementor-element-64ea6f2 elementor-widget elementor-widget-heading\" data-id=\"64ea6f2\" data-element_type=\"widget\" data-e-type=\"widget\" data-widget_type=\"heading.default\">\n\t\t\t\t<div class=\"elementor-widget-container\">\n\t\t\t\t\t<h2 class=\"elementor-heading-title elementor-size-default\">Enlaces a otros sitios web<\/h2>\t\t\t\t<\/div>\n\t\t\t\t<\/div>\n\t\t\t\t<div class=\"elementor-element elementor-element-8f6366a elementor-widget elementor-widget-text-editor\" data-id=\"8f6366a\" data-element_type=\"widget\" data-e-type=\"widget\" data-widget_type=\"text-editor.default\">\n\t\t\t\t<div class=\"elementor-widget-container\">\n\t\t\t\t\t\t\t\t\t<p>Nuestro sitio web puede contener enlaces a otros sitios web de inter\u00e9s. Sin embargo, una vez que haya utilizado estos enlaces para salir de nuestro sitio, debe tener en cuenta que no tenemos ning\u00fan control sobre ese otro sitio web. Por lo tanto, no podemos responsabilizarnos de la protecci\u00f3n y privacidad de la informaci\u00f3n que usted proporcione al visitar dichos sitios y \u00e9stos no se rigen por la presente declaraci\u00f3n de privacidad. Le recomendamos que sea prudente y consulte la declaraci\u00f3n de privacidad aplicable al sitio web en cuesti\u00f3n.<\/p>\t\t\t\t\t\t\t\t<\/div>\n\t\t\t\t<\/div>\n\t\t\t\t<div class=\"elementor-element elementor-element-00de2ea elementor-widget elementor-widget-heading\" data-id=\"00de2ea\" data-element_type=\"widget\" data-e-type=\"widget\" data-widget_type=\"heading.default\">\n\t\t\t\t<div class=\"elementor-widget-container\">\n\t\t\t\t\t<h2 class=\"elementor-heading-title elementor-size-default\">Informaci\u00f3n sobre marcas y derechos de autor<\/h2>\t\t\t\t<\/div>\n\t\t\t\t<\/div>\n\t\t\t\t<div class=\"elementor-element elementor-element-cf060a0 elementor-widget elementor-widget-text-editor\" data-id=\"cf060a0\" data-element_type=\"widget\" data-e-type=\"widget\" data-widget_type=\"text-editor.default\">\n\t\t\t\t<div class=\"elementor-widget-container\">\n\t\t\t\t\t\t\t\t\t<p>Todo lo que aparece en nuestro sitio web est\u00e1 protegido por derechos de autor (a menos que se indique lo contrario) y no puede utilizarse sin nuestro consentimiento expreso por escrito. El uso de textos o im\u00e1genes por su parte o por parte de terceros est\u00e1 prohibido y puede infringir las leyes de derechos de autor, marcas registradas, privacidad y otras leyes y normativas. Nada de lo contenido en este sitio puede interpretarse como una concesi\u00f3n de licencia o derecho a utilizar cualquiera de nuestros textos, im\u00e1genes, marcas comerciales o marcas de servicio, o cualquier contenido de nuestro sitio web, sin nuestro consentimiento previo por escrito.<\/p>\t\t\t\t\t\t\t\t<\/div>\n\t\t\t\t<\/div>\n\t\t\t\t<div class=\"elementor-element elementor-element-bf7d764 elementor-widget elementor-widget-heading\" data-id=\"bf7d764\" data-element_type=\"widget\" data-e-type=\"widget\" data-widget_type=\"heading.default\">\n\t\t\t\t<div class=\"elementor-widget-container\">\n\t\t\t\t\t<h2 class=\"elementor-heading-title elementor-size-default\">Seguridad de sus datos personales<\/h2>\t\t\t\t<\/div>\n\t\t\t\t<\/div>\n\t\t\t\t<div class=\"elementor-element elementor-element-3b216fd elementor-widget elementor-widget-text-editor\" data-id=\"3b216fd\" data-element_type=\"widget\" data-e-type=\"widget\" data-widget_type=\"text-editor.default\">\n\t\t\t\t<div class=\"elementor-widget-container\">\n\t\t\t\t\t\t\t\t\t<p>Dominion Electric Supply Company of Washington, LLC protege su informaci\u00f3n personal del acceso, uso o divulgaci\u00f3n no autorizados. Toda la informaci\u00f3n personal que se recopila a trav\u00e9s del sitio se almacena en un lugar seguro y s\u00f3lo es accesible por los miembros del personal designados.<\/p>\t\t\t\t\t\t\t\t<\/div>\n\t\t\t\t<\/div>\n\t\t\t\t<div class=\"elementor-element elementor-element-a620d06 elementor-widget elementor-widget-heading\" data-id=\"a620d06\" data-element_type=\"widget\" data-e-type=\"widget\" data-widget_type=\"heading.default\">\n\t\t\t\t<div class=\"elementor-widget-container\">\n\t\t\t\t\t<h2 class=\"elementor-heading-title elementor-size-default\">Cambios en esta pol\u00edtica de privacidad<\/h2>\t\t\t\t<\/div>\n\t\t\t\t<\/div>\n\t\t\t\t<div class=\"elementor-element elementor-element-d34477e elementor-widget elementor-widget-text-editor\" data-id=\"d34477e\" data-element_type=\"widget\" data-e-type=\"widget\" data-widget_type=\"text-editor.default\">\n\t\t\t\t<div class=\"elementor-widget-container\">\n\t\t\t\t\t\t\t\t\t<p>Nos reservamos el derecho, a nuestra entera discreci\u00f3n, de cambiar, modificar, a\u00f1adir y\/o eliminar partes de esta Pol\u00edtica de Privacidad en cualquier momento. Todos los cambios en la Pol\u00edtica de Privacidad entrar\u00e1n en vigor inmediatamente despu\u00e9s de su publicaci\u00f3n en el Sitio. Por favor, compruebe peri\u00f3dicamente si se han producido cambios.<\/p><p>Si tiene alguna pregunta o duda sobre su privacidad, p\u00f3ngase en contacto con nuestra direcci\u00f3n por correo electr\u00f3nico o ll\u00e1menos directamente al 202-789-0500.<\/p>\t\t\t\t\t\t\t\t<\/div>\n\t\t\t\t<\/div>\n\t\t\t\t<div class=\"elementor-element elementor-element-87a5558 elementor-widget elementor-widget-button\" data-id=\"87a5558\" data-element_type=\"widget\" data-e-type=\"widget\" data-widget_type=\"button.default\">\n\t\t\t\t<div class=\"elementor-widget-container\">\n\t\t\t\t\t\t\t\t\t<div class=\"elementor-button-wrapper\">\n\t\t\t\t\t<a class=\"elementor-button elementor-button-link elementor-size-sm\" href=\"https:\/\/dominionelectric.com\/wp-content\/uploads\/2023\/10\/Dominion-Electric-Supply-Company-of-Washington.pdf\" target=\"_blank\">\n\t\t\t\t\t\t<span class=\"elementor-button-content-wrapper\">\n\t\t\t\t\t\t\t\t\t<span class=\"elementor-button-text\">Descargar como PDF<\/span>\n\t\t\t\t\t<\/span>\n\t\t\t\t\t<\/a>\n\t\t\t\t<\/div>\n\t\t\t\t\t\t\t\t<\/div>\n\t\t\t\t<\/div>\n\t\t\t\t\t<\/div>\n\t\t<\/div>\n\t\t\t\t\t<\/div>\n\t\t<\/section>\n\t\t\t\t<\/div>","protected":false},"excerpt":{"rendered":"<p>Privacy Policy Privacy Policy Dominion Electric Privacy Policy Dominion Electric Supply Company of Washington, LLC is committed to protecting your privacy. It is our policy not to collect any personal information such as your name, address (postal address or email), and telephone number unless voluntarily submitted. Any such information is kept private and confidential. We [&hellip;]<\/p>\n","protected":false},"author":2,"featured_media":0,"parent":0,"menu_order":0,"comment_status":"closed","ping_status":"closed","template":"","meta":{"footnotes":""},"class_list":["post-3051","page","type-page","status-publish","hentry"],"_links":{"self":[{"href":"https:\/\/dominionelectric.com\/es\/wp-json\/wp\/v2\/pages\/3051","targetHints":{"allow":["GET"]}}],"collection":[{"href":"https:\/\/dominionelectric.com\/es\/wp-json\/wp\/v2\/pages"}],"about":[{"href":"https:\/\/dominionelectric.com\/es\/wp-json\/wp\/v2\/types\/page"}],"author":[{"embeddable":true,"href":"https:\/\/dominionelectric.com\/es\/wp-json\/wp\/v2\/users\/2"}],"replies":[{"embeddable":true,"href":"https:\/\/dominionelectric.com\/es\/wp-json\/wp\/v2\/comments?post=3051"}],"version-history":[{"count":0,"href":"https:\/\/dominionelectric.com\/es\/wp-json\/wp\/v2\/pages\/3051\/revisions"}],"wp:attachment":[{"href":"https:\/\/dominionelectric.com\/es\/wp-json\/wp\/v2\/media?parent=3051"}],"curies":[{"name":"wp","href":"https:\/\/api.w.org\/{rel}","templated":true}]}}