{"id":3057,"date":"2023-10-05T17:14:28","date_gmt":"2023-10-05T17:14:28","guid":{"rendered":"https:\/\/dominionelectric.com\/?page_id=3057"},"modified":"2025-05-21T10:18:28","modified_gmt":"2025-05-21T10:18:28","slug":"terms-and-conditions","status":"publish","type":"page","link":"https:\/\/dominionelectric.com\/es\/terms-and-conditions\/","title":{"rendered":"Condiciones generales"},"content":{"rendered":"<style>.elementor-3057 .elementor-element.elementor-element-db2fc65 > .elementor-container{min-height:400px;}.elementor-3057 .elementor-element.elementor-element-db2fc65 > .elementor-background-overlay{background-color:transparent;background-image:linear-gradient(165deg, var( --e-global-color-primary ) 64%, #F2295B00 0%);opacity:0.5;transition:background 0.3s, border-radius 0.3s, opacity 0.3s;}.elementor-3057 .elementor-element.elementor-element-db2fc65{transition:background 0.3s, border 0.3s, border-radius 0.3s, box-shadow 0.3s;}.elementor-3057 .elementor-element.elementor-element-e1a57b3{text-align:start;}.elementor-3057 .elementor-element.elementor-element-e1a57b3 .elementor-heading-title{font-family:var( --e-global-typography-primary-font-family ), Sans-serif;font-size:var( --e-global-typography-primary-font-size );font-weight:var( --e-global-typography-primary-font-weight );line-height:var( --e-global-typography-primary-line-height );color:#FFFFFF;}.elementor-3057 .elementor-element.elementor-element-399b566 > .elementor-container{min-height:60vh;}.elementor-3057 .elementor-element.elementor-element-399b566:not(.elementor-motion-effects-element-type-background), .elementor-3057 .elementor-element.elementor-element-399b566 > .elementor-motion-effects-container > .elementor-motion-effects-layer{background-image:url(\"https:\/\/dominionelectric.com\/wp-content\/uploads\/2023\/06\/Both-Arlington-Buildings-copy-1024x681-1.jpg\");background-position:center center;background-repeat:no-repeat;background-size:cover;}.elementor-3057 .elementor-element.elementor-element-399b566 > .elementor-background-overlay{background-color:transparent;background-image:linear-gradient(130deg, #181C28 61%, #0D130100 34%);opacity:0.89;transition:background 0.3s, border-radius 0.3s, opacity 0.3s;}.elementor-3057 .elementor-element.elementor-element-399b566{transition:background 0.3s, border 0.3s, border-radius 0.3s, box-shadow 0.3s;padding:0em 0em 0em 5em;z-index:0;}.elementor-3057 .elementor-element.elementor-element-a0492ad{text-align:start;}.elementor-3057 .elementor-element.elementor-element-a0492ad .elementor-heading-title{font-family:var( --e-global-typography-primary-font-family ), Sans-serif;font-size:var( --e-global-typography-primary-font-size );font-weight:var( --e-global-typography-primary-font-weight );line-height:var( --e-global-typography-primary-line-height );color:#FFFFFF;}.elementor-3057 .elementor-element.elementor-element-a0492ad > .elementor-widget-container{padding:3em 0em 0em 0em;}.elementor-3057 .elementor-element.elementor-element-37bdf38{padding:3em 0em 6em 0em;}:root{--page-title-display:none;}@media(max-width:1024px){.elementor-3057 .elementor-element.elementor-element-e1a57b3 .elementor-heading-title{font-size:var( --e-global-typography-primary-font-size );line-height:var( --e-global-typography-primary-line-height );}.elementor-3057 .elementor-element.elementor-element-399b566:not(.elementor-motion-effects-element-type-background), .elementor-3057 .elementor-element.elementor-element-399b566 > .elementor-motion-effects-container > .elementor-motion-effects-layer{background-position:center center;}.elementor-3057 .elementor-element.elementor-element-399b566{margin-top:0px;margin-bottom:0px;padding:210px 0px 140px 0px;}.elementor-3057 .elementor-element.elementor-element-a0492ad .elementor-heading-title{font-size:var( --e-global-typography-primary-font-size );line-height:var( --e-global-typography-primary-line-height );}}@media(max-width:767px){.elementor-3057 .elementor-element.elementor-element-db2fc65 > .elementor-container{min-height:50vh;}.elementor-3057 .elementor-element.elementor-element-db2fc65:not(.elementor-motion-effects-element-type-background), .elementor-3057 .elementor-element.elementor-element-db2fc65 > .elementor-motion-effects-container > .elementor-motion-effects-layer{background-image:url(\"https:\/\/dominionelectric.com\/wp-content\/uploads\/2023\/06\/Both-Arlington-Buildings-copy-1024x681-1.jpg\");background-position:-8px 106px;background-repeat:no-repeat;background-size:cover;}.elementor-3057 .elementor-element.elementor-element-db2fc65 > .elementor-background-overlay{opacity:1;}.elementor-3057 .elementor-element.elementor-element-e1a57b3 .elementor-heading-title{font-size:var( --e-global-typography-primary-font-size );line-height:var( --e-global-typography-primary-line-height );}.elementor-3057 .elementor-element.elementor-element-399b566{margin-top:0px;margin-bottom:0px;padding:152px 10px 80px 10px;}.elementor-3057 .elementor-element.elementor-element-a0492ad .elementor-heading-title{font-size:var( --e-global-typography-primary-font-size );line-height:var( --e-global-typography-primary-line-height );}}<\/style>\t\t<div data-elementor-type=\"wp-page\" data-elementor-id=\"3057\" class=\"elementor elementor-3057\" data-elementor-post-type=\"page\">\n\t\t\t\t\t\t<section class=\"elementor-section elementor-top-section elementor-element elementor-element-db2fc65 elementor-section-height-min-height elementor-hidden-desktop elementor-section-boxed elementor-section-height-default elementor-section-items-middle\" data-id=\"db2fc65\" data-element_type=\"section\" data-e-type=\"section\" data-settings=\"{&quot;background_background&quot;:&quot;classic&quot;}\">\n\t\t\t\t\t\t\t<div class=\"elementor-background-overlay\"><\/div>\n\t\t\t\t\t\t\t<div class=\"elementor-container elementor-column-gap-default\">\n\t\t\t\t\t<div class=\"elementor-column elementor-col-100 elementor-top-column elementor-element elementor-element-a0080e9\" data-id=\"a0080e9\" data-element_type=\"column\" data-e-type=\"column\">\n\t\t\t<div class=\"elementor-widget-wrap elementor-element-populated\">\n\t\t\t\t\t\t<div class=\"elementor-element elementor-element-e1a57b3 elementor-widget elementor-widget-heading\" data-id=\"e1a57b3\" data-element_type=\"widget\" data-e-type=\"widget\" data-widget_type=\"heading.default\">\n\t\t\t\t<div class=\"elementor-widget-container\">\n\t\t\t\t\t<h2 class=\"elementor-heading-title elementor-size-default\">Terms &amp; Conditions<\/h2>\t\t\t\t<\/div>\n\t\t\t\t<\/div>\n\t\t\t\t\t<\/div>\n\t\t<\/div>\n\t\t\t\t\t<\/div>\n\t\t<\/section>\n\t\t\t\t<section class=\"elementor-section elementor-top-section elementor-element elementor-element-399b566 elementor-section-full_width elementor-section-height-min-height elementor-hidden-tablet elementor-hidden-mobile elementor-section-height-default elementor-section-items-middle\" data-id=\"399b566\" data-element_type=\"section\" data-e-type=\"section\" data-settings=\"{&quot;background_background&quot;:&quot;classic&quot;}\">\n\t\t\t\t\t\t\t<div class=\"elementor-background-overlay\"><\/div>\n\t\t\t\t\t\t\t<div class=\"elementor-container elementor-column-gap-default\">\n\t\t\t\t\t<div class=\"elementor-column elementor-col-100 elementor-top-column elementor-element elementor-element-f5a850c\" data-id=\"f5a850c\" data-element_type=\"column\" data-e-type=\"column\">\n\t\t\t<div class=\"elementor-widget-wrap elementor-element-populated\">\n\t\t\t\t\t\t<div class=\"elementor-element elementor-element-a0492ad elementor-widget elementor-widget-heading\" data-id=\"a0492ad\" data-element_type=\"widget\" data-e-type=\"widget\" data-widget_type=\"heading.default\">\n\t\t\t\t<div class=\"elementor-widget-container\">\n\t\t\t\t\t<h1 class=\"elementor-heading-title elementor-size-default\">Terms &amp; Conditions<\/h1>\t\t\t\t<\/div>\n\t\t\t\t<\/div>\n\t\t\t\t\t<\/div>\n\t\t<\/div>\n\t\t\t\t\t<\/div>\n\t\t<\/section>\n\t\t\t\t<section class=\"elementor-section elementor-top-section elementor-element elementor-element-37bdf38 elementor-section-boxed elementor-section-height-default elementor-section-height-default\" data-id=\"37bdf38\" data-element_type=\"section\" data-e-type=\"section\">\n\t\t\t\t\t\t<div class=\"elementor-container elementor-column-gap-default\">\n\t\t\t\t\t<div class=\"elementor-column elementor-col-100 elementor-top-column elementor-element elementor-element-f6cb267\" data-id=\"f6cb267\" data-element_type=\"column\" data-e-type=\"column\">\n\t\t\t<div class=\"elementor-widget-wrap elementor-element-populated\">\n\t\t\t\t\t\t<div class=\"elementor-element elementor-element-8113fda elementor-widget elementor-widget-heading\" data-id=\"8113fda\" data-element_type=\"widget\" data-e-type=\"widget\" data-widget_type=\"heading.default\">\n\t\t\t\t<div class=\"elementor-widget-container\">\n\t\t\t\t\t<h2 class=\"elementor-heading-title elementor-size-default\">Dominion Electric Terms &amp; Conditions<\/h2>\t\t\t\t<\/div>\n\t\t\t\t<\/div>\n\t\t\t\t<div class=\"elementor-element elementor-element-9c9b6f0 elementor-widget elementor-widget-text-editor\" data-id=\"9c9b6f0\" data-element_type=\"widget\" data-e-type=\"widget\" data-widget_type=\"text-editor.default\">\n\t\t\t\t<div class=\"elementor-widget-container\">\n\t\t\t\t\t\t\t\t\t<p>Su acceso y uso del sitio web de Dominion Electric Supply Company of Washington, LLC, Inc.\u00a0<strong>P\u00e1gina web<\/strong>) est\u00e1 sujeta a los siguientes t\u00e9rminos y condiciones y a todas las leyes aplicables. Al acceder y navegar por este sitio, usted acepta y est\u00e1 de acuerdo, sin limitaci\u00f3n ni calificaci\u00f3n, con los T\u00e9rminos y Condiciones de Uso y reconoce que en la medida en que cualquier otro acuerdo entre usted y Dominion Electric Supply Company of Washington, LLC entre en conflicto con los t\u00e9rminos de este Acuerdo, dicho acuerdo ser\u00e1 reemplazado y no tendr\u00e1 fuerza ni efecto.<\/p>\t\t\t\t\t\t\t\t<\/div>\n\t\t\t\t<\/div>\n\t\t\t\t<div class=\"elementor-element elementor-element-f5c13af elementor-widget elementor-widget-heading\" data-id=\"f5c13af\" data-element_type=\"widget\" data-e-type=\"widget\" data-widget_type=\"heading.default\">\n\t\t\t\t<div class=\"elementor-widget-container\">\n\t\t\t\t\t<h2 class=\"elementor-heading-title elementor-size-default\">Propiedad intelectual<\/h2>\t\t\t\t<\/div>\n\t\t\t\t<\/div>\n\t\t\t\t<div class=\"elementor-element elementor-element-2ee17fc elementor-widget elementor-widget-text-editor\" data-id=\"2ee17fc\" data-element_type=\"widget\" data-e-type=\"widget\" data-widget_type=\"text-editor.default\">\n\t\t\t\t<div class=\"elementor-widget-container\">\n\t\t\t\t\t\t\t\t\t<p>Todo el material incluido en este sitio, como textos, gr\u00e1ficos, logotipos, iconos de botones, im\u00e1genes, clips de audio y software (<strong>Material<\/strong>), es propiedad de Dominion Electric Supply Company of Washington, LLC o de sus proveedores de contenidos y est\u00e1 protegido por las leyes de copyright y marcas registradas de EE.UU. e internacionales. Todo el material de esta web es propiedad exclusiva de Dominion Electric Supply Company of Washington, LLC, y est\u00e1 protegido por las leyes de copyright internacionales y de EE.UU.. Todo el software y\/o bases de datos automatizadas utilizadas en esta p\u00e1gina web son propiedad de Dominion Electric Supply Company of Washington, LLC o de sus proveedores de software y est\u00e1n protegidas por las leyes de copyright internacionales y de EE.UU.. Cualquier otro uso, incluyendo la reproducci\u00f3n, modificaci\u00f3n, distribuci\u00f3n, transmisi\u00f3n, republicaci\u00f3n, exhibici\u00f3n o ejecuci\u00f3n del contenido de esta Web est\u00e1 estrictamente prohibido.<\/p>\t\t\t\t\t\t\t\t<\/div>\n\t\t\t\t<\/div>\n\t\t\t\t<div class=\"elementor-element elementor-element-7a572c2 elementor-widget elementor-widget-heading\" data-id=\"7a572c2\" data-element_type=\"widget\" data-e-type=\"widget\" data-widget_type=\"heading.default\">\n\t\t\t\t<div class=\"elementor-widget-container\">\n\t\t\t\t\t<h2 class=\"elementor-heading-title elementor-size-default\">Responsabilidad limitada<\/h2>\t\t\t\t<\/div>\n\t\t\t\t<\/div>\n\t\t\t\t<div class=\"elementor-element elementor-element-7713240 elementor-widget elementor-widget-text-editor\" data-id=\"7713240\" data-element_type=\"widget\" data-e-type=\"widget\" data-widget_type=\"text-editor.default\">\n\t\t\t\t<div class=\"elementor-widget-container\">\n\t\t\t\t\t\t\t\t\t<p>Dominion Electric Supply Company of Washington, LLC no se hace responsable de fallos t\u00e9cnicos, de hardware o software de ning\u00fan tipo, conexiones de red perdidas o no disponibles, o transmisiones inform\u00e1ticas incompletas, confusas o retrasadas. Bajo ninguna circunstancia Dominion Electric Supply Company of Washington, LLC o sus proveedores ser\u00e1n responsables de ning\u00fan da\u00f1o o lesi\u00f3n que resulte del uso o la confianza depositada en los materiales o la informaci\u00f3n contenida en esta p\u00e1gina web. Algunas jurisdicciones proh\u00edben la exclusi\u00f3n o limitaci\u00f3n de responsabilidad por da\u00f1os consecuentes o incidentales, en cuyo caso la limitaci\u00f3n anterior puede no aplicarse en su caso.<\/p><p>Aunque el material contenido en el<span style=\"color: #999999;\">\u00a0<a style=\"color: #999999;\" href=\"http:\/\/web.archive.org\/web\/20230724175548\/http:\/\/www.descowashington.com\/\" rel=\"nofollow noopener\" target=\"_blank\">www.descowashington.com<\/a><\/span>\u00a0World Wide Web ha sido revisado para comprobar su exactitud, y en el entendimiento de que dichos materiales no infringen ning\u00fan derecho de autor u otros derechos legales,\u00a0<em>todo el material se proporciona sin garant\u00edas expresas o impl\u00edcitas de ning\u00fan tipo, incluidas, entre otras, las garant\u00edas impl\u00edcitas de comerciabilidad, idoneidad para un fin determinado o no infracci\u00f3n.<\/em><\/p><p>Ni Dominion Electric Supply Company of Washington, LLC ni sus afiliados asumen responsabilidad alguna por errores u omisiones en el material. En ning\u00fan caso Dominion Electric Supply Company of Washington, LLC o sus afiliados ser\u00e1n responsables de ning\u00fan da\u00f1o especial, indirecto o consecuente que resulte de cualquier uso o rendimiento de o errores de contenido u omisiones en el material, incluso si se notifica con antelaci\u00f3n de la posibilidad de tales da\u00f1os. Todos los usuarios del material aceptan que el acceso y el uso del material est\u00e1n sujetos a los t\u00e9rminos y condiciones establecidos en este aviso legal, as\u00ed como a todas las leyes aplicables, y que dicho acceso y uso se realiza bajo la responsabilidad del usuario. Dominion Electric Supply Company of Washington, LLC puede proporcionar enlaces a otros sitios que no son mantenidos por Dominion Electric Supply Company of Washington, LLC. Dominion Electric Supply Company of Washington, LLC no respalda dichos sitios y no es responsable del contenido de los mismos.<\/p>\t\t\t\t\t\t\t\t<\/div>\n\t\t\t\t<\/div>\n\t\t\t\t<div class=\"elementor-element elementor-element-98cf445 elementor-widget elementor-widget-heading\" data-id=\"98cf445\" data-element_type=\"widget\" data-e-type=\"widget\" data-widget_type=\"heading.default\">\n\t\t\t\t<div class=\"elementor-widget-container\">\n\t\t\t\t\t<h2 class=\"elementor-heading-title elementor-size-default\">Legislaci\u00f3n aplicable<\/h2>\t\t\t\t<\/div>\n\t\t\t\t<\/div>\n\t\t\t\t<div class=\"elementor-element elementor-element-2af2f36 elementor-widget elementor-widget-text-editor\" data-id=\"2af2f36\" data-element_type=\"widget\" data-e-type=\"widget\" data-widget_type=\"text-editor.default\">\n\t\t\t\t<div class=\"elementor-widget-container\">\n\t\t\t\t\t\t\t\t\t<p>Estos t\u00e9rminos y condiciones se rigen e interpretan de conformidad con las leyes del Distrito de Columbia, Estados Unidos de Am\u00e9rica, sin perjuicio de cualquier principio de conflicto de leyes. Si alguna parte de estos t\u00e9rminos y condiciones es ilegal, nula o inaplicable, esa parte se considerar\u00e1 separable y no afectar\u00e1 la validez y aplicabilidad de las disposiciones restantes. Dominion Electric Supply Company of Washington, LLC puede revisar estos t\u00e9rminos y condiciones en cualquier momento sin previo aviso actualizando esta publicaci\u00f3n.<\/p>\t\t\t\t\t\t\t\t<\/div>\n\t\t\t\t<\/div>\n\t\t\t\t<div class=\"elementor-element elementor-element-87a5558 elementor-widget elementor-widget-button\" data-id=\"87a5558\" data-element_type=\"widget\" data-e-type=\"widget\" data-widget_type=\"button.default\">\n\t\t\t\t<div class=\"elementor-widget-container\">\n\t\t\t\t\t\t\t\t\t<div class=\"elementor-button-wrapper\">\n\t\t\t\t\t<a class=\"elementor-button elementor-button-link elementor-size-sm\" href=\"https:\/\/dominionelectric.com\/wp-content\/uploads\/2023\/10\/Your-access-and-use-of-the-Dominion-Electric-Supply-Company-of-Washington.pdf\" target=\"_blank\">\n\t\t\t\t\t\t<span class=\"elementor-button-content-wrapper\">\n\t\t\t\t\t\t\t\t\t<span class=\"elementor-button-text\">Descargar como PDF<\/span>\n\t\t\t\t\t<\/span>\n\t\t\t\t\t<\/a>\n\t\t\t\t<\/div>\n\t\t\t\t\t\t\t\t<\/div>\n\t\t\t\t<\/div>\n\t\t\t\t\t<\/div>\n\t\t<\/div>\n\t\t\t\t\t<\/div>\n\t\t<\/section>\n\t\t\t\t<\/div>","protected":false},"excerpt":{"rendered":"<p>Terms &#038; Conditions Terms &#038; Conditions Dominion Electric Terms &#038; Conditions Your access and use of the Dominion Electric Supply Company of Washington, LLC, Inc World Wide Web site (the\u00a0Site) is subject to the following terms and conditions and all applicable laws. By accessing and browsing this Site, you accept and agree, without limitation or [&hellip;]<\/p>\n","protected":false},"author":2,"featured_media":0,"parent":0,"menu_order":0,"comment_status":"closed","ping_status":"closed","template":"","meta":{"footnotes":""},"class_list":["post-3057","page","type-page","status-publish","hentry"],"_links":{"self":[{"href":"https:\/\/dominionelectric.com\/es\/wp-json\/wp\/v2\/pages\/3057","targetHints":{"allow":["GET"]}}],"collection":[{"href":"https:\/\/dominionelectric.com\/es\/wp-json\/wp\/v2\/pages"}],"about":[{"href":"https:\/\/dominionelectric.com\/es\/wp-json\/wp\/v2\/types\/page"}],"author":[{"embeddable":true,"href":"https:\/\/dominionelectric.com\/es\/wp-json\/wp\/v2\/users\/2"}],"replies":[{"embeddable":true,"href":"https:\/\/dominionelectric.com\/es\/wp-json\/wp\/v2\/comments?post=3057"}],"version-history":[{"count":0,"href":"https:\/\/dominionelectric.com\/es\/wp-json\/wp\/v2\/pages\/3057\/revisions"}],"wp:attachment":[{"href":"https:\/\/dominionelectric.com\/es\/wp-json\/wp\/v2\/media?parent=3057"}],"curies":[{"name":"wp","href":"https:\/\/api.w.org\/{rel}","templated":true}]}}