{"id":3079,"date":"2023-10-05T20:07:37","date_gmt":"2023-10-05T20:07:37","guid":{"rendered":"https:\/\/dominionelectric.com\/?page_id=3079"},"modified":"2024-04-12T04:39:41","modified_gmt":"2024-04-12T04:39:41","slug":"terms-and-conditions-of-cash-sales","status":"publish","type":"page","link":"https:\/\/dominionelectric.com\/es\/terms-and-conditions-of-cash-sales\/","title":{"rendered":"Condiciones de venta al contado"},"content":{"rendered":"<style>.elementor-3079 .elementor-element.elementor-element-db2fc65 > .elementor-container{min-height:400px;}.elementor-3079 .elementor-element.elementor-element-db2fc65 > .elementor-background-overlay{background-color:transparent;background-image:linear-gradient(165deg, var( --e-global-color-primary ) 64%, #F2295B00 0%);opacity:0.5;transition:background 0.3s, border-radius 0.3s, opacity 0.3s;}.elementor-3079 .elementor-element.elementor-element-db2fc65{transition:background 0.3s, border 0.3s, border-radius 0.3s, box-shadow 0.3s;}.elementor-3079 .elementor-element.elementor-element-e1a57b3{text-align:start;}.elementor-3079 .elementor-element.elementor-element-e1a57b3 .elementor-heading-title{font-family:var( --e-global-typography-primary-font-family ), Sans-serif;font-size:var( --e-global-typography-primary-font-size );font-weight:var( --e-global-typography-primary-font-weight );line-height:var( --e-global-typography-primary-line-height );color:#FFFFFF;}.elementor-3079 .elementor-element.elementor-element-399b566 > .elementor-container{min-height:60vh;}.elementor-3079 .elementor-element.elementor-element-399b566:not(.elementor-motion-effects-element-type-background), .elementor-3079 .elementor-element.elementor-element-399b566 > .elementor-motion-effects-container > .elementor-motion-effects-layer{background-image:url(\"https:\/\/dominionelectric.com\/wp-content\/uploads\/2023\/06\/Both-Arlington-Buildings-copy-1024x681-1.jpg\");background-position:center center;background-repeat:no-repeat;background-size:cover;}.elementor-3079 .elementor-element.elementor-element-399b566 > .elementor-background-overlay{background-color:transparent;background-image:linear-gradient(130deg, #181C28 61%, #0D130100 34%);opacity:0.89;transition:background 0.3s, border-radius 0.3s, opacity 0.3s;}.elementor-3079 .elementor-element.elementor-element-399b566{transition:background 0.3s, border 0.3s, border-radius 0.3s, box-shadow 0.3s;padding:0em 0em 0em 5em;z-index:0;}.elementor-3079 .elementor-element.elementor-element-a0492ad{text-align:start;}.elementor-3079 .elementor-element.elementor-element-a0492ad .elementor-heading-title{font-family:var( --e-global-typography-primary-font-family ), Sans-serif;font-size:var( --e-global-typography-primary-font-size );font-weight:var( --e-global-typography-primary-font-weight );line-height:var( --e-global-typography-primary-line-height );color:#FFFFFF;}.elementor-3079 .elementor-element.elementor-element-a0492ad > .elementor-widget-container{padding:3em 0em 0em 0em;}.elementor-3079 .elementor-element.elementor-element-37bdf38{padding:3em 0em 6em 0em;}:root{--page-title-display:none;}@media(max-width:1024px){.elementor-3079 .elementor-element.elementor-element-e1a57b3 .elementor-heading-title{font-size:var( --e-global-typography-primary-font-size );line-height:var( --e-global-typography-primary-line-height );}.elementor-3079 .elementor-element.elementor-element-399b566:not(.elementor-motion-effects-element-type-background), .elementor-3079 .elementor-element.elementor-element-399b566 > .elementor-motion-effects-container > .elementor-motion-effects-layer{background-position:center center;}.elementor-3079 .elementor-element.elementor-element-399b566{margin-top:0px;margin-bottom:0px;padding:210px 0px 140px 0px;}.elementor-3079 .elementor-element.elementor-element-a0492ad .elementor-heading-title{font-size:var( --e-global-typography-primary-font-size );line-height:var( --e-global-typography-primary-line-height );}}@media(max-width:767px){.elementor-3079 .elementor-element.elementor-element-db2fc65 > .elementor-container{min-height:50vh;}.elementor-3079 .elementor-element.elementor-element-db2fc65:not(.elementor-motion-effects-element-type-background), .elementor-3079 .elementor-element.elementor-element-db2fc65 > .elementor-motion-effects-container > .elementor-motion-effects-layer{background-image:url(\"https:\/\/dominionelectric.com\/wp-content\/uploads\/2023\/06\/Both-Arlington-Buildings-copy-1024x681-1.jpg\");background-position:-8px 106px;background-repeat:no-repeat;background-size:cover;}.elementor-3079 .elementor-element.elementor-element-db2fc65 > .elementor-background-overlay{opacity:1;}.elementor-3079 .elementor-element.elementor-element-e1a57b3 .elementor-heading-title{font-size:var( --e-global-typography-primary-font-size );line-height:var( --e-global-typography-primary-line-height );}.elementor-3079 .elementor-element.elementor-element-399b566{margin-top:0px;margin-bottom:0px;padding:152px 10px 80px 10px;}.elementor-3079 .elementor-element.elementor-element-a0492ad .elementor-heading-title{font-size:var( --e-global-typography-primary-font-size );line-height:var( --e-global-typography-primary-line-height );}}<\/style>\t\t<div data-elementor-type=\"wp-page\" data-elementor-id=\"3079\" class=\"elementor elementor-3079\" data-elementor-post-type=\"page\">\n\t\t\t\t\t\t<section class=\"elementor-section elementor-top-section elementor-element elementor-element-db2fc65 elementor-section-height-min-height elementor-hidden-desktop elementor-section-boxed elementor-section-height-default elementor-section-items-middle\" data-id=\"db2fc65\" data-element_type=\"section\" data-e-type=\"section\" data-settings=\"{&quot;background_background&quot;:&quot;classic&quot;}\">\n\t\t\t\t\t\t\t<div class=\"elementor-background-overlay\"><\/div>\n\t\t\t\t\t\t\t<div class=\"elementor-container elementor-column-gap-default\">\n\t\t\t\t\t<div class=\"elementor-column elementor-col-100 elementor-top-column elementor-element elementor-element-a0080e9\" data-id=\"a0080e9\" data-element_type=\"column\" data-e-type=\"column\">\n\t\t\t<div class=\"elementor-widget-wrap elementor-element-populated\">\n\t\t\t\t\t\t<div class=\"elementor-element elementor-element-e1a57b3 elementor-widget elementor-widget-heading\" data-id=\"e1a57b3\" data-element_type=\"widget\" data-e-type=\"widget\" data-widget_type=\"heading.default\">\n\t\t\t\t<div class=\"elementor-widget-container\">\n\t\t\t\t\t<h2 class=\"elementor-heading-title elementor-size-default\">Terms &amp; Conditions<br>de ventas al contado<\/h2>\t\t\t\t<\/div>\n\t\t\t\t<\/div>\n\t\t\t\t\t<\/div>\n\t\t<\/div>\n\t\t\t\t\t<\/div>\n\t\t<\/section>\n\t\t\t\t<section class=\"elementor-section elementor-top-section elementor-element elementor-element-399b566 elementor-section-full_width elementor-section-height-min-height elementor-hidden-tablet elementor-hidden-mobile elementor-section-height-default elementor-section-items-middle\" data-id=\"399b566\" data-element_type=\"section\" data-e-type=\"section\" data-settings=\"{&quot;background_background&quot;:&quot;classic&quot;}\">\n\t\t\t\t\t\t\t<div class=\"elementor-background-overlay\"><\/div>\n\t\t\t\t\t\t\t<div class=\"elementor-container elementor-column-gap-default\">\n\t\t\t\t\t<div class=\"elementor-column elementor-col-100 elementor-top-column elementor-element elementor-element-f5a850c\" data-id=\"f5a850c\" data-element_type=\"column\" data-e-type=\"column\">\n\t\t\t<div class=\"elementor-widget-wrap elementor-element-populated\">\n\t\t\t\t\t\t<div class=\"elementor-element elementor-element-a0492ad elementor-widget elementor-widget-heading\" data-id=\"a0492ad\" data-element_type=\"widget\" data-e-type=\"widget\" data-widget_type=\"heading.default\">\n\t\t\t\t<div class=\"elementor-widget-container\">\n\t\t\t\t\t<h1 class=\"elementor-heading-title elementor-size-default\">Terms &amp; Conditions<br>de ventas al contado<\/h1>\t\t\t\t<\/div>\n\t\t\t\t<\/div>\n\t\t\t\t\t<\/div>\n\t\t<\/div>\n\t\t\t\t\t<\/div>\n\t\t<\/section>\n\t\t\t\t<section class=\"elementor-section elementor-top-section elementor-element elementor-element-37bdf38 elementor-section-boxed elementor-section-height-default elementor-section-height-default\" data-id=\"37bdf38\" data-element_type=\"section\" data-e-type=\"section\">\n\t\t\t\t\t\t<div class=\"elementor-container elementor-column-gap-default\">\n\t\t\t\t\t<div class=\"elementor-column elementor-col-100 elementor-top-column elementor-element elementor-element-f6cb267\" data-id=\"f6cb267\" data-element_type=\"column\" data-e-type=\"column\">\n\t\t\t<div class=\"elementor-widget-wrap elementor-element-populated\">\n\t\t\t\t\t\t<div class=\"elementor-element elementor-element-9c9b6f0 elementor-widget elementor-widget-text-editor\" data-id=\"9c9b6f0\" data-element_type=\"widget\" data-e-type=\"widget\" data-widget_type=\"text-editor.default\">\n\t\t\t\t<div class=\"elementor-widget-container\">\n\t\t\t\t\t\t\t\t\t<p style=\"background: white; vertical-align: baseline; margin: 0in 0in 14.05pt 0in;\"><span style=\"font-size: 15.0pt; font-family: 'Arial',sans-serif; color: #303030;\">Condiciones de venta al contado<\/span><\/p><p style=\"background: white; vertical-align: baseline; margin: 0in 0in 14.05pt 0in;\"><span style=\"font-size: 15.0pt; font-family: 'Arial',sans-serif; color: #303030;\">1.     Los siguientes t\u00e9rminos y condiciones se aplican a todas las ventas, incluidos los env\u00edos directos, realizados u organizados por Dominion Electric Supply Company, Inc., sus y sus divisiones, subsidiarias, filiales, sucesores y cesionarios (\"Dominion\") y prevalecer\u00e1n sobre cualquier notificaci\u00f3n, t\u00e9rminos inconsistentes de la(s) orden(es) de compra del Comprador u otros documentos; y todas las propuestas y acuerdos anteriores se fusionan en este documento. El Comprador y los sucesores en inter\u00e9s y cesionarios del Comprador (\"Comprador\") aceptan los siguientes t\u00e9rminos y realizar el pago de las compras en los siguientes t\u00e9rminos:<\/span><\/p><p style=\"background: white; vertical-align: baseline; margin: 0in 0in 14.05pt 0in;\"><span style=\"font-size: 15.0pt; font-family: 'Arial',sans-serif; color: #303030;\">2.     Hasta el momento en que Dominion reciba una notificaci\u00f3n por escrito enviada por correo certificado a la atenci\u00f3n del Departamento de Cr\u00e9dito, Dominion est\u00e1 autorizado a cobrar al Comprador todas las ventas y pedidos del Comprador o de los agentes y representantes del Comprador, mediante autorizaci\u00f3n expresa, impl\u00edcita o aparente o cualquier otra autorizaci\u00f3n del Comprador. Todos los pedidos y ventas estar\u00e1n sujetos a los t\u00e9rminos y condiciones aqu\u00ed establecidos. TODAS LAS VENTAS SON DEFINITIVAS.<\/span><\/p><p style=\"background: white; vertical-align: baseline; margin: 0in 0in 14.05pt 0in;\"><span style=\"font-size: 15.0pt; font-family: 'Arial',sans-serif; color: #303030;\">3.     Por cualquier cheque, tarjeta de cr\u00e9dito, tarjeta de d\u00e9bito u otra forma de pago que no sea aceptada, el Comprador acepta pagar un cargo por servicio de 1,5% al mes (o, si es menor, la cantidad m\u00e1xima permitida por la ley) sobre cualquier saldo impagado de dicho cargo o cargos, que se a\u00f1adir\u00e1 a la cuenta y se convertir\u00e1 en responsabilidad del Comprador. En caso de incumplimiento de cualquiera de estos t\u00e9rminos y condiciones, incluyendo la falta de pago, el Comprador acuerda pagar a Dominion sus costes de cobro, incluyendo 33% adicionales del saldo total de la cuenta en concepto de honorarios de abogado, m\u00e1s todos los costes necesarios e incidentes para el cobro, tanto si se presenta demanda como si no, y esta provisi\u00f3n de honorarios no se fusionar\u00e1 con ninguna sentencia obtenida por Dominion.<\/span><\/p><p style=\"background: white; vertical-align: baseline; margin: 0in 0in 14.05pt 0in;\"><span style=\"font-size: 15.0pt; font-family: 'Arial',sans-serif; color: #303030;\">4.     Todos los bienes y precios de los bienes enviados por Dominion o por env\u00edo directo del proveedor o fabricante de Dominion se env\u00edan FOB, lugar de env\u00edo, a menos que se indique lo contrario por escrito. El Comprador acepta asumir todos los riesgos de p\u00e9rdida y contratar el seguro necesario para FOB, lugar de embarque.<\/span><\/p><p style=\"background: white; vertical-align: baseline; margin: 0in 0in 14.05pt 0in;\"><span style=\"font-size: 15.0pt; font-family: 'Arial',sans-serif; color: #303030;\">5.     Salvo que se indique lo contrario, todos los pedidos, presupuestos y estimaciones no incluyen el flete ni los impuestos federales, estatales y locales aplicables, y los precios indicados est\u00e1n sujetos a las tasas adicionales establecidas en todos los presupuestos, as\u00ed como a los impuestos federales, estatales y locales y a cualquier otro cargo aplicado por cualquier entidad gubernamental.<\/span><\/p><p style=\"background: white; vertical-align: baseline; margin: 0in 0in 14.05pt 0in;\"><span style=\"font-size: 15.0pt; font-family: 'Arial',sans-serif; color: #303030;\">6.     El Comprador acuerda mantener indemne a Dominion de todos los da\u00f1os, incluyendo pero no limitado a da\u00f1os por demora, resultantes de los bienes pedidos y\/o comprados, y el Comprador se compromete a realizar el pago total de dichos bienes pedidos, ya sean bienes en stock, bienes no en stock o bienes pedidos especialmente\/personalizados. Dominion no ser\u00e1 responsable de los retrasos en la entrega y todos los pedidos est\u00e1n sujetos a causas fuera del control razonable de Dominion, incluyendo casos fortuitos, acciones gubernamentales, guerras, huelgas, escasez de productos manufacturados, pandemias o epidemias declaradas a nivel federal o estatal, retrasos en el env\u00edo o en el transportista.<\/span><\/p><p style=\"background: white; vertical-align: baseline; margin: 0in 0in 14.05pt 0in;\"><span style=\"font-size: 15.0pt; font-family: 'Arial',sans-serif; color: #303030;\">7.     Podr\u00e1 exigirse el pago total o parcial en el momento del pedido, (en efectivo antes de la entrega), a discreci\u00f3n exclusiva de Dominion.<\/span><\/p><p style=\"background: white; vertical-align: baseline; margin: 0in 0in 14.05pt 0in;\"><span style=\"font-size: 15.0pt; font-family: 'Arial',sans-serif; color: #303030;\">8.     Todos los presupuestos est\u00e1n sujetos a cambios sin previo aviso. Todos los presupuestos pierden su validez a menos que el Comprador realice un pedido en un plazo de 30 d\u00edas a partir de la fecha del presupuesto, o en un plazo inferior si as\u00ed lo especifica Dominion. Dichos pedidos se facturar\u00e1n al precio presupuestado a menos que se indique lo contrario. Todas las cotizaciones estar\u00e1n sujetas a los t\u00e9rminos y condiciones establecidos en este documento. Ning\u00fan precio cotizado podr\u00e1 ser aceptado con t\u00e9rminos adicionales o diferentes por el Comprador a menos que Dominion lo acuerde por escrito. El Comprador autoriza a Dominion a corregir cualquier error matem\u00e1tico o administrativo en las cotizaciones de precios en cualquier momento.<\/span><\/p><p style=\"background: white; vertical-align: baseline; margin: 0in 0in 14.05pt 0in;\"><span style=\"font-size: 15.0pt; font-family: 'Arial',sans-serif; color: #303030;\">9.     El Comprador se compromete a examinar la mercanc\u00eda en el momento de su recepci\u00f3n y a reclamar cualquier da\u00f1o, falta o disconformidad en el momento de la entrega de la mercanc\u00eda, por escrito y por correo certificado a la atenci\u00f3n del Departamento de Cr\u00e9dito. Sin perjuicio de lo anterior, cualquier reclamaci\u00f3n realizada despu\u00e9s de 10 d\u00edas desde la fecha de entrega no ser\u00e1 atendida. La responsabilidad de Dominion por cualquier material da\u00f1ado, no conforme o defectuoso se limitar\u00e1 a la reparaci\u00f3n o sustituci\u00f3n de los bienes por parte del fabricante, si el fabricante dispone de dicha soluci\u00f3n. En el caso de devoluciones, el Comprador acepta que Dominion, a su entera discreci\u00f3n, podr\u00e1 aceptar la devoluci\u00f3n de los bienes para su abono en cuenta. Ninguna mercanc\u00eda ser\u00e1 aceptada para cr\u00e9dito sin previa autorizaci\u00f3n por escrito y acompa\u00f1ada de la factura. Se aplicar\u00e1 un cargo de reposici\u00f3n a todos los bienes devueltos para cr\u00e9dito, incluyendo un cargo m\u00ednimo de 30% en pedidos especiales. Las devoluciones de existencias deben ser vendibles y estar en cajas de cart\u00f3n originales con todo el embalaje en condiciones nuevas.<\/span><\/p><p style=\"background: white; vertical-align: baseline; margin: 0in 0in 14.05pt 0in;\"><span style=\"font-size: 15.0pt; font-family: 'Arial',sans-serif; color: #303030;\">10.  El Comprador, sus sucesores y cesionarios aceptan que la jurisdicci\u00f3n personal y la competencia para cualquier procedimiento legal para hacer cumplir los t\u00e9rminos de venta y este acuerdo, incluyendo el pago, puede ser presentada a discreci\u00f3n de Dominion, en los tribunales aplicables de la jurisdicci\u00f3n competente, en el condado de Fairfax, Virginia, y en el condado de Montgomery, Maryland. Los t\u00e9rminos de venta ser\u00e1n interpretados y regidos por las leyes del estado o jurisdicci\u00f3n del lugar de negocios de Dominion en el que se realizaron las ventas, a menos que las ventas se realicen en m\u00e1s de una jurisdicci\u00f3n, entonces el Comprador acepta que los t\u00e9rminos de venta ser\u00e1n interpretados y regidos por las leyes del Estado de Maryland.<\/span><\/p><p style=\"background: white; vertical-align: baseline; margin: 0in 0in 14.05pt 0in;\"><span style=\"font-size: 15.0pt; font-family: 'Arial',sans-serif; color: #303030;\">11.  Dominion NO OFRECE GARANT\u00cdAS EXPRESAS O IMPL\u00cdCITAS CON RESPECTO A NING\u00daN BIEN VENDIDO POR DOMINION O POR CUALQUIER OTRA PERSONA O ENTIDAD. Salvo lo indicado anteriormente en relaci\u00f3n con las \"reclamaciones\", el \u00fanico y exclusivo recurso del Comprador por incumplimiento de garant\u00eda o negligencia por parte del fabricante o por cualquier fallo, defecto o inadecuaci\u00f3n de cualquier tipo de las mercanc\u00edas vendidas por Dominion es contra el fabricante de las mercanc\u00edas vendidas al Comprador y no contra Dominion, y el Comprador acepta indemnizar y mantener indemne a Dominion por cualquier da\u00f1o resultante de cualquier defecto del fabricante o de env\u00edo. TODAS LAS GARANT\u00cdAS, YA SEAN EXPRESAS O IMPL\u00cdCITAS POR MINISTERIO DE LA LEY O DE OTRO MODO, INCLUYENDO, SIN LIMITACI\u00d3N, TODAS LAS GARANT\u00cdAS IMPL\u00cdCITAS DE COMERCIABILIDAD E IDONEIDAD PARA UN PROP\u00d3SITO PARTICULAR, SON POR LA PRESENTE RECHAZADAS Y EXCLUIDAS. Dominion no ser\u00e1 responsable, directa o indirectamente, de ninguna p\u00e9rdida, coste, da\u00f1o o gasto, incluyendo sin limitaci\u00f3n, p\u00e9rdida de beneficios o da\u00f1os especiales, consecuentes o incidentales, derivados directa o indirectamente del estado, funcionamiento, entrega o uso de cualquier mercanc\u00eda vendida. En cualquier caso, la responsabilidad m\u00e1xima del Vendedor por mercanc\u00edas probadamente defectuosas consistir\u00e1 en la devoluci\u00f3n del importe pagado por las mercanc\u00edas. El Comprador asume todos los riesgos y responsabilidades por p\u00e9rdidas, da\u00f1os o lesiones a personas o bienes del Comprador o de terceros derivados del uso o posesi\u00f3n de cualquier mercanc\u00eda vendida en virtud del presente contrato. TODAS Y CADA UNA DE LAS REPRESENTACIONES, PROMESAS, GARANT\u00cdAS O DECLARACIONES DE LOS EMPLEADOS Y\/O AGENTES DE DOMINION QUE DIFIERAN DE ALG\u00daN MODO DE ESTOS T\u00c9RMINOS Y CONDICIONES NO TENDR\u00c1N FUERZA NI EFECTO. Cualquier propuesta por parte del Comprador para variar los t\u00e9rminos del presente o para ampliar las garant\u00edas u otros t\u00e9rminos establecidos en el mismo, a menos que se acuerde por escrito por un funcionario autorizado de Dominion, se considerar\u00e1 una alteraci\u00f3n material y no formar\u00e1 parte de estos T\u00e9rminos y Condiciones de Venta o de cualquier otro acuerdo entre las partes.<\/span><\/p><p style=\"background: white; vertical-align: baseline; margin: 0in 0in 14.05pt 0in;\"><span style=\"font-size: 15.0pt; font-family: 'Arial',sans-serif; color: #303030;\">12.  El Comprador se compromete a aceptar la entrega de todos los pedidos realizados sobre bienes y mercanc\u00edas que no sean normalmente almacenados por Dominion o que requieran fabricaci\u00f3n o montaje a medida (pedidos especiales) dentro de los 30 d\u00edas siguientes a la recepci\u00f3n de dichos bienes y mercanc\u00edas por Dominion. Si el Comprador no lo hace, Dominion, a su entera discreci\u00f3n, podr\u00e1 cargar al Comprador el precio de los bienes pedidos. Estos importes pasar\u00e1n a ser responsabilidad del Comprador. Dominion tendr\u00e1 derecho a disponer de los bienes de cualquier manera elegida por Dominion a su entera discreci\u00f3n despu\u00e9s de 60 d\u00edas de la recepci\u00f3n de dicha mercanc\u00eda de pedidos especiales. Todas las ventas de bienes y mercanc\u00edas de pedidos especiales son definitivas a partir de la realizaci\u00f3n del pedido por parte del Comprador. El Comprador se compromete a indemnizar y reembolsar a Dominion por los gastos de cancelaci\u00f3n impuestos por los fabricantes como resultado del fracaso o incapacidad del Comprador para completar cualquier pedido entregado al fabricante para su producci\u00f3n o impuestos por el fabricante en la cancelaci\u00f3n de un pedido basado en precios a granel o por lotes antes de la entrega o aceptaci\u00f3n de la totalidad de los materiales a granel o por lotes.<\/span><\/p><p style=\"background: white; vertical-align: baseline; margin: 0in 0in 14.05pt 0in;\"><span style=\"font-size: 15.0pt; font-family: 'Arial',sans-serif; color: #303030;\">13.  Si alguna de las disposiciones de las presentes Condiciones Generales fuera declarada inaplicable por un tribunal competente, dicha decisi\u00f3n no afectar\u00e1 a la validez de las restantes disposiciones de las presentes Condiciones Generales, que seguir\u00e1n siendo aplicables en la medida en que lo permita la ley.<\/span><\/p><p style=\"background: white; vertical-align: baseline; margin: 0in 0in 14.05pt 0in;\"><span style=\"font-size: 15.0pt; font-family: 'Arial',sans-serif; color: #303030;\">14.  14. Retraso excusable:  El Comprador reconoce que los productos vendidos en virtud del presente y\/o partes de los mismos pueden ser producidos en, u obtenidos de otro modo de, o ser\u00e1n enviados a o desde \u00e1reas ya afectadas por, o que pueden ser afectadas en el futuro por, la pandemia COVID-19 prevaleciente o cualquier otra pandemia o epidemia proclamada por el Gobierno Federal o Estatal en el futuro, que puede causar paros, impedimentos o demoras en la capacidad de Dominion (o sus subcontratistas y fabricantes) u otros, incluyendo Propietarios y Contratistas Generales en un Proyecto, para producir, entregar, instalar o dar servicio a los productos, independientemente de si dicho paro, impedimento o demora se debe a medidas impuestas por autoridades gubernamentales o cuasi gubernamentales o implementadas deliberadamente por Dominion (o sus subcontratistas y fabricantes) u otros, incluyendo Propietarios y Contratistas Generales en un Proyecto, como medidas preventivas o curativas para evitar la exposici\u00f3n a contaminaci\u00f3n da\u00f1ina de los empleados de Dominion (o sus subcontratistas y fabricantes) u otros, incluyendo Propietarios y Contratistas Generales en un Proyecto.  Por lo tanto, el Comprador reconoce que dichas circunstancias ser\u00e1n consideradas como causa de demora excusable, no exponiendo a Dominion a sanciones o responsabilidades contractuales, incluyendo sin limitaci\u00f3n cualquier penalizaci\u00f3n por demora, da\u00f1os liquidados, da\u00f1os consecuenciales, o rescisi\u00f3n por incumplimiento o por causa justificada.<\/span><\/p><p style=\"background: white; vertical-align: baseline; margin: 0in 0in 14.05pt 0in;\"><span style=\"font-size: 15.0pt; font-family: 'Arial',sans-serif; color: #303030;\">TODAS LAS VENTAS EST\u00c1N EXPRESAMENTE CONDICIONADAS A LA ACEPTACI\u00d3N POR PARTE DEL COMPRADOR DE TODOS LOS T\u00c9RMINOS Y CONDICIONES DE VENTA ANTERIORES.<\/span><\/p><p style=\"background: white; vertical-align: baseline; margin: 0in 0in 14.05pt 0in;\"><span style=\"font-size: 15.0pt; font-family: 'Arial',sans-serif; color: #303030;\">\u00a0<\/span><\/p><p style=\"background: white; vertical-align: baseline; margin: 0in 0in 14.05pt 0in;\"><span style=\"font-size: 15.0pt; font-family: 'Arial',sans-serif; color: #303030;\">Fecha de revisi\u00f3n 4\/2020<\/span><\/p>\t\t\t\t\t\t\t\t<\/div>\n\t\t\t\t<\/div>\n\t\t\t\t\t<\/div>\n\t\t<\/div>\n\t\t\t\t\t<\/div>\n\t\t<\/section>\n\t\t\t\t<\/div>","protected":false},"excerpt":{"rendered":"<p>Terms &#038; Conditionsof Cash Sales Terms &#038; Conditionsof Cash Sales Terms and Conditions of Cash Sales 1.\u00a0\u00a0\u00a0\u00a0 The following terms and conditions apply to all sales, including direct shipments, made or arranged by Dominion Electric Supply Company, Inc., its and their divisions, subsidiaries, affiliates, successors and assigns (\u201cDominion\u201d) and shall prevail over any notifications, inconsistent [&hellip;]<\/p>\n","protected":false},"author":2,"featured_media":0,"parent":0,"menu_order":0,"comment_status":"closed","ping_status":"closed","template":"","meta":{"footnotes":""},"class_list":["post-3079","page","type-page","status-publish","hentry"],"_links":{"self":[{"href":"https:\/\/dominionelectric.com\/es\/wp-json\/wp\/v2\/pages\/3079","targetHints":{"allow":["GET"]}}],"collection":[{"href":"https:\/\/dominionelectric.com\/es\/wp-json\/wp\/v2\/pages"}],"about":[{"href":"https:\/\/dominionelectric.com\/es\/wp-json\/wp\/v2\/types\/page"}],"author":[{"embeddable":true,"href":"https:\/\/dominionelectric.com\/es\/wp-json\/wp\/v2\/users\/2"}],"replies":[{"embeddable":true,"href":"https:\/\/dominionelectric.com\/es\/wp-json\/wp\/v2\/comments?post=3079"}],"version-history":[{"count":0,"href":"https:\/\/dominionelectric.com\/es\/wp-json\/wp\/v2\/pages\/3079\/revisions"}],"wp:attachment":[{"href":"https:\/\/dominionelectric.com\/es\/wp-json\/wp\/v2\/media?parent=3079"}],"curies":[{"name":"wp","href":"https:\/\/api.w.org\/{rel}","templated":true}]}}